{"id":2398,"date":"2025-10-02T11:47:49","date_gmt":"2025-10-02T08:47:49","guid":{"rendered":"https:\/\/hottubline.eu\/produktas\/integrated-oven-for-external-shells-25kw\/"},"modified":"2026-01-26T16:36:12","modified_gmt":"2026-01-26T14:36:12","slug":"integrated-oven-for-external-shells-25kw","status":"publish","type":"product","link":"https:\/\/hottubline.eu\/pl\/produkt\/integrated-oven-for-external-shells-25kw\/","title":{"rendered":"Piec zintegrowany do wk\u0142ad\u00f3w zewn\u0119trznych 25kW"},"content":{"rendered":"","protected":false},"excerpt":{"rendered":"<p><strong>Zawarto\u015b\u0107 opakowania:<\/strong><\/p>\n<ul>\n<li>Piec, moc 25kw;<\/li>\n<li>Komin o wysoko\u015bci 2m;<\/li>\n<li>Zabezpieczenie komina;<\/li>\n<li>Czapka na komin;<\/li>\n<li>W\u0119\u017ce przy\u0142\u0105czeniowe 30 cm;<\/li>\n<li>Zaciski;<\/li>\n<li>Ruszt \u017celiwny;<\/li>\n<li>Przyl\u0105cza do pieca;<\/li>\n<\/ul>\n<p><strong>Parametry:<\/strong><\/p>\n<ul>\n<li>Najwy\u017csze miejsce 410mm;<\/li>\n<li>Najni\u017csze miejsce 280mm;<\/li>\n<li>Szeroko\u015b\u0107 620mm;<\/li>\n<li>D\u0142ugo\u015b\u0107 580mm;<\/li>\n<li>Szeroko\u015b\u0107 kominka 300mm;<\/li>\n<li>G\u0142\u0119boko\u015b\u0107 kominka 430mm;<\/li>\n<li>Wysoko\u015b\u0107 kominka 340mm;<\/li>\n<\/ul>\n<p>&nbsp;<\/p>\n<p>Waga pieca 44kg.;<\/p>\n<p>Maksymalna ilo\u015b\u0107 na palecie: 8 szt..;<\/p>\n<p>Waga ca\u0142ej palety: 500kg;<\/p>\n","protected":false},"featured_media":2273,"template":"","meta":[],"product_brand":[],"product_cat":[129],"product_tag":[],"class_list":{"0":"post-2398","1":"product","2":"type-product","3":"status-publish","4":"has-post-thumbnail","6":"product_cat-piece","8":"first","9":"instock","10":"shipping-taxable","11":"purchasable","12":"product-type-variable"},"_links":{"self":[{"href":"https:\/\/hottubline.eu\/pl\/wp-json\/wp\/v2\/product\/2398","targetHints":{"allow":["GET"]}}],"collection":[{"href":"https:\/\/hottubline.eu\/pl\/wp-json\/wp\/v2\/product"}],"about":[{"href":"https:\/\/hottubline.eu\/pl\/wp-json\/wp\/v2\/types\/product"}],"version-history":[{"count":5,"href":"https:\/\/hottubline.eu\/pl\/wp-json\/wp\/v2\/product\/2398\/revisions"}],"predecessor-version":[{"id":2804,"href":"https:\/\/hottubline.eu\/pl\/wp-json\/wp\/v2\/product\/2398\/revisions\/2804"}],"wp:featuredmedia":[{"embeddable":true,"href":"https:\/\/hottubline.eu\/pl\/wp-json\/wp\/v2\/media\/2273"}],"wp:attachment":[{"href":"https:\/\/hottubline.eu\/pl\/wp-json\/wp\/v2\/media?parent=2398"}],"wp:term":[{"taxonomy":"product_brand","embeddable":true,"href":"https:\/\/hottubline.eu\/pl\/wp-json\/wp\/v2\/product_brand?post=2398"},{"taxonomy":"product_cat","embeddable":true,"href":"https:\/\/hottubline.eu\/pl\/wp-json\/wp\/v2\/product_cat?post=2398"},{"taxonomy":"product_tag","embeddable":true,"href":"https:\/\/hottubline.eu\/pl\/wp-json\/wp\/v2\/product_tag?post=2398"}],"curies":[{"name":"wp","href":"https:\/\/api.w.org\/{rel}","templated":true}]}}