{"id":2395,"date":"2025-10-02T11:34:58","date_gmt":"2025-10-02T08:34:58","guid":{"rendered":"https:\/\/hottubline.eu\/produktas\/integrated-oven-35-kw\/"},"modified":"2026-01-26T16:10:10","modified_gmt":"2026-01-26T14:10:10","slug":"integrated-oven-35-kw","status":"publish","type":"product","link":"https:\/\/hottubline.eu\/pl\/produkt\/integrated-oven-35-kw\/","title":{"rendered":"Piec zintegrowany 30 kW"},"content":{"rendered":"","protected":false},"excerpt":{"rendered":"<p><strong>Zawarto\u015b\u0107 opakowania:<\/strong><\/p>\n<ul>\n<li>Piec o mocy 30kw;<\/li>\n<li>Komin o wysoko\u015bci 2m;<\/li>\n<li>Zabezpieczenie komina;<\/li>\n<li>Czapka na komin;<\/li>\n<li>W\u0119\u017ce przy\u0142\u0105czeniowe 30 cm;<\/li>\n<li>Zaciski;<\/li>\n<li>Ruszt \u017celiwny;<\/li>\n<li>Przyl\u0105cza do pieca;<\/li>\n<\/ul>\n<p>&nbsp;<\/p>\n<p><strong>Parametry:<\/strong><\/p>\n<ul>\n<li>Wysoko\u015b\u0107 480mm;<\/li>\n<li>Szeroko\u015b\u0107 660mm;<\/li>\n<li>D\u0142ugo\u015b\u0107 570mm;<\/li>\n<li>Szeroko\u015b\u0107 kominka 300mm;<\/li>\n<li>G\u0142\u0119boko\u015b\u0107 kominka 430mm;<\/li>\n<li>Wysoko\u015b\u0107 kominka 340mm;<\/li>\n<\/ul>\n<p>Waga pieca 50kg.;<\/p>\n<p>Maksymalna ilo\u015b\u0107 na palecie: 8 szt..;<\/p>\n<p>Waga ca\u0142ej palety: 500kg;<\/p>\n","protected":false},"featured_media":2536,"template":"","meta":[],"product_brand":[],"product_cat":[129],"product_tag":[],"class_list":{"0":"post-2395","1":"product","2":"type-product","3":"status-publish","4":"has-post-thumbnail","6":"product_cat-piece","8":"first","9":"instock","10":"shipping-taxable","11":"purchasable","12":"product-type-variable"},"_links":{"self":[{"href":"https:\/\/hottubline.eu\/pl\/wp-json\/wp\/v2\/product\/2395","targetHints":{"allow":["GET"]}}],"collection":[{"href":"https:\/\/hottubline.eu\/pl\/wp-json\/wp\/v2\/product"}],"about":[{"href":"https:\/\/hottubline.eu\/pl\/wp-json\/wp\/v2\/types\/product"}],"version-history":[{"count":4,"href":"https:\/\/hottubline.eu\/pl\/wp-json\/wp\/v2\/product\/2395\/revisions"}],"predecessor-version":[{"id":2797,"href":"https:\/\/hottubline.eu\/pl\/wp-json\/wp\/v2\/product\/2395\/revisions\/2797"}],"wp:featuredmedia":[{"embeddable":true,"href":"https:\/\/hottubline.eu\/pl\/wp-json\/wp\/v2\/media\/2536"}],"wp:attachment":[{"href":"https:\/\/hottubline.eu\/pl\/wp-json\/wp\/v2\/media?parent=2395"}],"wp:term":[{"taxonomy":"product_brand","embeddable":true,"href":"https:\/\/hottubline.eu\/pl\/wp-json\/wp\/v2\/product_brand?post=2395"},{"taxonomy":"product_cat","embeddable":true,"href":"https:\/\/hottubline.eu\/pl\/wp-json\/wp\/v2\/product_cat?post=2395"},{"taxonomy":"product_tag","embeddable":true,"href":"https:\/\/hottubline.eu\/pl\/wp-json\/wp\/v2\/product_tag?post=2395"}],"curies":[{"name":"wp","href":"https:\/\/api.w.org\/{rel}","templated":true}]}}