{"id":2350,"date":"2025-10-01T16:02:19","date_gmt":"2025-10-01T13:02:19","guid":{"rendered":"https:\/\/hottubline.eu\/produktas\/wellness-for-external-oven\/"},"modified":"2026-01-27T14:27:48","modified_gmt":"2026-01-27T12:27:48","slug":"wellness-for-external-oven","status":"publish","type":"product","link":"https:\/\/hottubline.eu\/pl\/produkt\/wellness-for-external-oven\/","title":{"rendered":"Wk\u0142ad akrylowy Wellness zewn\u0119trzny"},"content":{"rendered":"","protected":false},"excerpt":{"rendered":"<p><strong>Parametry:<\/strong><\/p>\n<ul>\n<li>\u015arednica wewn\u0119trzna: 180 cm;<\/li>\n<li>\u015arednica zewn\u0119trzna: 201 cm;<\/li>\n<li>G\u0142\u0119boko\u015b\u0107: 88 cm;<\/li>\n<li>Wysoko\u015b\u0107 \u0142awki : 28 cm;<\/li>\n<li>Szeroko\u015b\u0107 \u0142awki : 40 cm;<\/li>\n<\/ul>\n<p>Wymiary palety \u2013 225\u00d7225 cm<\/p>\n<p>Maksymalna ilo\u015b\u0107 na palecie \u2013 9 pcs.<\/p>\n<p>Waga jednego wk\u0142adu \u2013 55kg.<\/p>\n<p>&nbsp;<\/p>\n<p><strong>Palety i bloki s\u0105 uwa\u017cane za opakowania zwrotne. Obowi\u0105zuje kaucja w wysoko\u015bci 150 \u20ac.<\/strong><\/p>\n<p>&nbsp;<\/p>\n","protected":false},"featured_media":2129,"template":"","meta":[],"product_brand":[],"product_cat":[125],"product_tag":[],"class_list":{"0":"post-2350","1":"product","2":"type-product","3":"status-publish","4":"has-post-thumbnail","6":"product_cat-wkladki-akrylowe","8":"first","9":"instock","10":"shipping-taxable","11":"purchasable","12":"product-type-variable"},"_links":{"self":[{"href":"https:\/\/hottubline.eu\/pl\/wp-json\/wp\/v2\/product\/2350","targetHints":{"allow":["GET"]}}],"collection":[{"href":"https:\/\/hottubline.eu\/pl\/wp-json\/wp\/v2\/product"}],"about":[{"href":"https:\/\/hottubline.eu\/pl\/wp-json\/wp\/v2\/types\/product"}],"version-history":[{"count":5,"href":"https:\/\/hottubline.eu\/pl\/wp-json\/wp\/v2\/product\/2350\/revisions"}],"predecessor-version":[{"id":3170,"href":"https:\/\/hottubline.eu\/pl\/wp-json\/wp\/v2\/product\/2350\/revisions\/3170"}],"wp:featuredmedia":[{"embeddable":true,"href":"https:\/\/hottubline.eu\/pl\/wp-json\/wp\/v2\/media\/2129"}],"wp:attachment":[{"href":"https:\/\/hottubline.eu\/pl\/wp-json\/wp\/v2\/media?parent=2350"}],"wp:term":[{"taxonomy":"product_brand","embeddable":true,"href":"https:\/\/hottubline.eu\/pl\/wp-json\/wp\/v2\/product_brand?post=2350"},{"taxonomy":"product_cat","embeddable":true,"href":"https:\/\/hottubline.eu\/pl\/wp-json\/wp\/v2\/product_cat?post=2350"},{"taxonomy":"product_tag","embeddable":true,"href":"https:\/\/hottubline.eu\/pl\/wp-json\/wp\/v2\/product_tag?post=2350"}],"curies":[{"name":"wp","href":"https:\/\/api.w.org\/{rel}","templated":true}]}}