{"id":2339,"date":"2025-10-01T15:55:57","date_gmt":"2025-10-01T12:55:57","guid":{"rendered":"https:\/\/hottubline.eu\/produktas\/arylic-insert-for-integrated-oven-deluxe\/"},"modified":"2026-01-27T14:39:53","modified_gmt":"2026-01-27T12:39:53","slug":"arylic-insert-for-integrated-oven-deluxe","status":"publish","type":"product","link":"https:\/\/hottubline.eu\/pl\/produkt\/arylic-insert-for-integrated-oven-deluxe\/","title":{"rendered":"Wk\u0142ad akrylowy Deluxe zintegrowany"},"content":{"rendered":"","protected":false},"excerpt":{"rendered":"<p>Parametry:<br \/>\u2022 \u015arednica wewn\u0119trzna: 204 cm;<br \/>\n\u2022 \u015arednica zewn\u0119trzna: 223 cm;<br \/>\n\u2022 Wysoko\u015b\u0107 \u0142awki: 27 cm;<br \/>\n\u2022 G\u0142\u0119boko\u015b\u0107: 88 cm;<br \/>\n\u2022 Szeroko\u015b\u0107 \u0142awki: 36 cm;<\/p>\n<p>Wymiary palety \u2013 225\u00d7225 cm<\/p>\n<p>Maksymalna ilo\u015b\u0107 na palecie \u2013 8 szt.<\/p>\n<p>Waga jednego wk\u0142adu \u2013 75 kg.<\/p>\n<p>&nbsp;<\/p>\n<p><strong>Palety i bloki s\u0105 uwa\u017cane za opakowania zwrotne. Obowi\u0105zuje kaucja w wysoko\u015bci 150 \u20ac.<\/strong><\/p>\n","protected":false},"featured_media":1874,"template":"","meta":[],"product_brand":[],"product_cat":[125],"product_tag":[],"class_list":{"0":"post-2339","1":"product","2":"type-product","3":"status-publish","4":"has-post-thumbnail","6":"product_cat-wkladki-akrylowe","8":"first","9":"instock","10":"shipping-taxable","11":"purchasable","12":"product-type-variable"},"_links":{"self":[{"href":"https:\/\/hottubline.eu\/pl\/wp-json\/wp\/v2\/product\/2339","targetHints":{"allow":["GET"]}}],"collection":[{"href":"https:\/\/hottubline.eu\/pl\/wp-json\/wp\/v2\/product"}],"about":[{"href":"https:\/\/hottubline.eu\/pl\/wp-json\/wp\/v2\/types\/product"}],"version-history":[{"count":5,"href":"https:\/\/hottubline.eu\/pl\/wp-json\/wp\/v2\/product\/2339\/revisions"}],"predecessor-version":[{"id":3194,"href":"https:\/\/hottubline.eu\/pl\/wp-json\/wp\/v2\/product\/2339\/revisions\/3194"}],"wp:featuredmedia":[{"embeddable":true,"href":"https:\/\/hottubline.eu\/pl\/wp-json\/wp\/v2\/media\/1874"}],"wp:attachment":[{"href":"https:\/\/hottubline.eu\/pl\/wp-json\/wp\/v2\/media?parent=2339"}],"wp:term":[{"taxonomy":"product_brand","embeddable":true,"href":"https:\/\/hottubline.eu\/pl\/wp-json\/wp\/v2\/product_brand?post=2339"},{"taxonomy":"product_cat","embeddable":true,"href":"https:\/\/hottubline.eu\/pl\/wp-json\/wp\/v2\/product_cat?post=2339"},{"taxonomy":"product_tag","embeddable":true,"href":"https:\/\/hottubline.eu\/pl\/wp-json\/wp\/v2\/product_tag?post=2339"}],"curies":[{"name":"wp","href":"https:\/\/api.w.org\/{rel}","templated":true}]}}