{"id":2307,"date":"2025-10-01T16:14:49","date_gmt":"2025-10-01T13:14:49","guid":{"rendered":"https:\/\/hottubline.eu\/produktas\/ofuro\/"},"modified":"2026-01-27T12:06:46","modified_gmt":"2026-01-27T10:06:46","slug":"ofuro","status":"publish","type":"product","link":"https:\/\/hottubline.eu\/pl\/produkt\/ofuro\/","title":{"rendered":"Wk\u0142ad akrylowy Ofuro"},"content":{"rendered":"","protected":false},"excerpt":{"rendered":"<p><strong>Parametry:<\/strong><\/p>\n<ul>\n<li>\u015arednica wewn\u0119trzna: 170 cm x 100 cm;<\/li>\n<li>\u015arednica zewn\u0119trzna: 190 cm x 120 cm;<\/li>\n<li>G\u0142\u0119boko\u015b\u0107: 88 cm;<\/li>\n<li>Wysoko\u015b\u0107 siedziska : 30 cm;<\/li>\n<li>Szeroko\u015b\u0107 siedziska : 56 cm;<\/li>\n<\/ul>\n<p>Wymiary palety \u2013 210 x 140 cm<\/p>\n<p>Maksymalna ilo\u015b\u0107 na palecie \u2013 9 szt.<\/p>\n<p>Waga jednego wk\u0142adu \u2013 45 kg.<\/p>\n<p><strong>Palety i klocki s\u0105 opakowaniami zwrotnymi. Obowi\u0105zuje kaucja w wysoko\u015bci 150 euro. <\/strong><\/p>\n","protected":false},"featured_media":2149,"template":"","meta":[],"product_brand":[],"product_cat":[125],"product_tag":[],"class_list":{"0":"post-2307","1":"product","2":"type-product","3":"status-publish","4":"has-post-thumbnail","6":"product_cat-wkladki-akrylowe","8":"first","9":"instock","10":"shipping-taxable","11":"purchasable","12":"product-type-variable"},"_links":{"self":[{"href":"https:\/\/hottubline.eu\/pl\/wp-json\/wp\/v2\/product\/2307","targetHints":{"allow":["GET"]}}],"collection":[{"href":"https:\/\/hottubline.eu\/pl\/wp-json\/wp\/v2\/product"}],"about":[{"href":"https:\/\/hottubline.eu\/pl\/wp-json\/wp\/v2\/types\/product"}],"version-history":[{"count":8,"href":"https:\/\/hottubline.eu\/pl\/wp-json\/wp\/v2\/product\/2307\/revisions"}],"predecessor-version":[{"id":3088,"href":"https:\/\/hottubline.eu\/pl\/wp-json\/wp\/v2\/product\/2307\/revisions\/3088"}],"wp:featuredmedia":[{"embeddable":true,"href":"https:\/\/hottubline.eu\/pl\/wp-json\/wp\/v2\/media\/2149"}],"wp:attachment":[{"href":"https:\/\/hottubline.eu\/pl\/wp-json\/wp\/v2\/media?parent=2307"}],"wp:term":[{"taxonomy":"product_brand","embeddable":true,"href":"https:\/\/hottubline.eu\/pl\/wp-json\/wp\/v2\/product_brand?post=2307"},{"taxonomy":"product_cat","embeddable":true,"href":"https:\/\/hottubline.eu\/pl\/wp-json\/wp\/v2\/product_cat?post=2307"},{"taxonomy":"product_tag","embeddable":true,"href":"https:\/\/hottubline.eu\/pl\/wp-json\/wp\/v2\/product_tag?post=2307"}],"curies":[{"name":"wp","href":"https:\/\/api.w.org\/{rel}","templated":true}]}}