{"id":2080,"date":"2025-10-01T15:02:54","date_gmt":"2025-10-01T12:02:54","guid":{"rendered":"https:\/\/hottubline.eu\/produktas\/square-with-bed-acrylic-insert\/"},"modified":"2026-01-27T14:19:05","modified_gmt":"2026-01-27T12:19:05","slug":"square-with-bed-acrylic-insert","status":"publish","type":"product","link":"https:\/\/hottubline.eu\/pl\/produkt\/square-with-bed-acrylic-insert\/","title":{"rendered":"Wk\u0142ad akrylowy Kwadrat z le\u017cank\u0105"},"content":{"rendered":"<p>You don&#8217;t have access to this content.<\/p>\n","protected":false},"excerpt":{"rendered":"<p>You don&#8217;t have access to this content.<\/p>\n","protected":false},"featured_media":1973,"template":"","meta":[],"product_brand":[],"product_cat":[125],"product_tag":[],"class_list":{"0":"post-2080","1":"product","2":"type-product","3":"status-publish","4":"has-post-thumbnail","6":"product_cat-wkladki-akrylowe","8":"first","9":"instock","10":"shipping-taxable","11":"purchasable","12":"product-type-variable"},"_links":{"self":[{"href":"https:\/\/hottubline.eu\/pl\/wp-json\/wp\/v2\/product\/2080","targetHints":{"allow":["GET"]}}],"collection":[{"href":"https:\/\/hottubline.eu\/pl\/wp-json\/wp\/v2\/product"}],"about":[{"href":"https:\/\/hottubline.eu\/pl\/wp-json\/wp\/v2\/types\/product"}],"version-history":[{"count":8,"href":"https:\/\/hottubline.eu\/pl\/wp-json\/wp\/v2\/product\/2080\/revisions"}],"predecessor-version":[{"id":3150,"href":"https:\/\/hottubline.eu\/pl\/wp-json\/wp\/v2\/product\/2080\/revisions\/3150"}],"wp:featuredmedia":[{"embeddable":true,"href":"https:\/\/hottubline.eu\/pl\/wp-json\/wp\/v2\/media\/1973"}],"wp:attachment":[{"href":"https:\/\/hottubline.eu\/pl\/wp-json\/wp\/v2\/media?parent=2080"}],"wp:term":[{"taxonomy":"product_brand","embeddable":true,"href":"https:\/\/hottubline.eu\/pl\/wp-json\/wp\/v2\/product_brand?post=2080"},{"taxonomy":"product_cat","embeddable":true,"href":"https:\/\/hottubline.eu\/pl\/wp-json\/wp\/v2\/product_cat?post=2080"},{"taxonomy":"product_tag","embeddable":true,"href":"https:\/\/hottubline.eu\/pl\/wp-json\/wp\/v2\/product_tag?post=2080"}],"curies":[{"name":"wp","href":"https:\/\/api.w.org\/{rel}","templated":true}]}}