{"id":1873,"date":"2025-08-20T09:44:44","date_gmt":"2025-08-20T09:44:44","guid":{"rendered":"https:\/\/hottubline.eu\/produktas\/zintegrowana-wkladka-akrylowa-wellness\/"},"modified":"2026-01-27T14:33:00","modified_gmt":"2026-01-27T12:33:00","slug":"zintegrowana-wkladka-akrylowa-wellness","status":"publish","type":"product","link":"https:\/\/hottubline.eu\/pl\/produkt\/zintegrowana-wkladka-akrylowa-wellness\/","title":{"rendered":"Wk\u0142ad akrylowy Wellness zintegrowany"},"content":{"rendered":"<p>Niecka wanny akrylowej sk\u0142ada si\u0119 z pojedynczego arkusza akrylu, kt\u00f3ry jest podgrzewany do momentu, a\u017c zacznie si\u0119 topi\u0107, a nast\u0119pnie umieszczany na formie. Pompy pr\u00f3\u017cniowe pomagaj\u0105 odessa\u0107 powietrze uwi\u0119zione pomi\u0119dzy form\u0105 a p\u0142yt\u0105 akrylow\u0105, co skutkuje uzyskaniem g\u0142adkiej i idealnie uformowanej skorupy. Po ostygni\u0119ciu i stwardnieniu akrylu jest on wzmacniany now\u0105 technologi\u0105 litewskiego poliuretanu, co zapewnia dodatkow\u0105 wytrzyma\u0142o\u015b\u0107 i izolacj\u0119 wanny, tak\u0105 sam\u0105 jak ta stosowana w jacuzzi. Powsta\u0142y korpus wanny jest trwa\u0142y, energooszcz\u0119dny i estetyczny, a jego grubo\u015b\u0107 wynosi oko\u0142o 12-18 mm.<\/p>\n","protected":false},"excerpt":{"rendered":"<p><strong>Parametry:<\/strong><br \/>\n\u2022 \u015arednica wewn\u0119trzna: 180 cm<br \/>\n\u2022 \u015arednica zewn\u0119trzna: 201 cm;<br \/>\n\u2022 Wysoko\u015b\u0107 \u0142awki: 28 cm;<br \/>\n\u2022 G\u0142\u0119boko\u015b\u0107: 88 cm;<br \/>\n\u2022 Szeroko\u015b\u0107 \u0142awki: 40 cm.<\/p>\n<p>Wymiary palety \u2013 225\u00d7225 cm<\/p>\n<p>Maksymalna ilo\u015b\u0107 na palecie \u2013 9 szt.<\/p>\n<p>Waga jednego wk\u0142adu \u2013 55 kg.<\/p>\n<p>&nbsp;<\/p>\n<p><strong>Palety i klocki s\u0105 opakowaniami zwrotnymi. Obowi\u0105zuje kaucja w wysoko\u015bci 150 euro. <\/strong><\/p>\n","protected":false},"featured_media":1881,"template":"","meta":[],"product_brand":[],"product_cat":[125],"product_tag":[],"class_list":{"0":"post-1873","1":"product","2":"type-product","3":"status-publish","4":"has-post-thumbnail","6":"product_cat-wkladki-akrylowe","8":"first","9":"instock","10":"shipping-taxable","11":"purchasable","12":"product-type-variable","13":"has-default-attributes"},"_links":{"self":[{"href":"https:\/\/hottubline.eu\/pl\/wp-json\/wp\/v2\/product\/1873","targetHints":{"allow":["GET"]}}],"collection":[{"href":"https:\/\/hottubline.eu\/pl\/wp-json\/wp\/v2\/product"}],"about":[{"href":"https:\/\/hottubline.eu\/pl\/wp-json\/wp\/v2\/types\/product"}],"version-history":[{"count":4,"href":"https:\/\/hottubline.eu\/pl\/wp-json\/wp\/v2\/product\/1873\/revisions"}],"predecessor-version":[{"id":3183,"href":"https:\/\/hottubline.eu\/pl\/wp-json\/wp\/v2\/product\/1873\/revisions\/3183"}],"wp:featuredmedia":[{"embeddable":true,"href":"https:\/\/hottubline.eu\/pl\/wp-json\/wp\/v2\/media\/1881"}],"wp:attachment":[{"href":"https:\/\/hottubline.eu\/pl\/wp-json\/wp\/v2\/media?parent=1873"}],"wp:term":[{"taxonomy":"product_brand","embeddable":true,"href":"https:\/\/hottubline.eu\/pl\/wp-json\/wp\/v2\/product_brand?post=1873"},{"taxonomy":"product_cat","embeddable":true,"href":"https:\/\/hottubline.eu\/pl\/wp-json\/wp\/v2\/product_cat?post=1873"},{"taxonomy":"product_tag","embeddable":true,"href":"https:\/\/hottubline.eu\/pl\/wp-json\/wp\/v2\/product_tag?post=1873"}],"curies":[{"name":"wp","href":"https:\/\/api.w.org\/{rel}","templated":true}]}}