{"id":1870,"date":"2025-08-20T12:39:10","date_gmt":"2025-08-20T12:39:10","guid":{"rendered":"https:\/\/hottubline.eu\/produktas\/zewnetrzny-piec-do-jacuzzi-30-kw\/"},"modified":"2026-01-22T08:50:20","modified_gmt":"2026-01-22T06:50:20","slug":"zewnetrzny-piec-do-jacuzzi-30-kw","status":"publish","type":"product","link":"https:\/\/hottubline.eu\/pl\/produkt\/zewnetrzny-piec-do-jacuzzi-30-kw\/","title":{"rendered":"Piec zewn\u0119trzny 30kw"},"content":{"rendered":"<p>Piece wykonane s\u0105 ze stali nierdzewnej.<\/p>\n<p><strong>Zawarto\u015b\u0107 opakowania:<\/strong><\/p>\n<ul>\n<li>Piec o mocy 30 kW;<\/li>\n<li>Komin o wysoko\u015bci 2m;<\/li>\n<li>Czapka kominowa;<\/li>\n<li>W\u0119\u017ce przy\u0142\u0105czeniowe 160cm;<\/li>\n<li>Zaciski;<\/li>\n<li>Ruszt \u017celiwny;<\/li>\n<li>Przyl\u0105cza do pieca;<\/li>\n<\/ul>\n<p><strong>Parametry:<\/strong><\/p>\n<ul>\n<li>Wysoko\u015b\u0107 680 mm;<\/li>\n<li>Szeroko\u015b\u0107 500 mm;<\/li>\n<li>D\u0142ugo\u015b\u0107 950 mm;<\/li>\n<li>Szeroko\u015b\u0107 kominka 410mm;<\/li>\n<li>G\u0142\u0119boko\u015b\u0107 kominka 540mm;<\/li>\n<\/ul>\n<p>Waga pieca 73 kg;<\/p>\n<p>Maksymalna ilo\u015b\u0107 na palecie: 8 szt.;<\/p>\n<p>Waga ca\u0142ej palety: 600 kg;<\/p>\n","protected":false},"excerpt":{"rendered":"<p>Piece wykonane s\u0105 ze stali nierdzewnej.<\/p>\n<p><strong>Zawarto\u015b\u0107 opakowania:<\/strong><\/p>\n<ul>\n<li>Piec o mocy 30kw;<\/li>\n<li>Komin o wysoko\u015bci 2m;<\/li>\n<li>Czapka na komin;<\/li>\n<li>Rura do pieca 160cm;<\/li>\n<li>Zaciski;<\/li>\n<li>Ruszt \u017celiwny;<\/li>\n<li>Przyl\u0105cza do pieca;<\/li>\n<\/ul>\n<p><strong>Parametry:<\/strong><\/p>\n<ul>\n<li>Wysoko\u015b\u0107 680mm;<\/li>\n<li>Szeroko\u015b\u0107 500mm;<\/li>\n<li>D\u0142ugo\u015b\u0107 950mm;<\/li>\n<li>Szeroko\u015b\u0107 kominka 410mm;<\/li>\n<li>G\u0142\u0119boko\u015b\u0107 kominka 540mm;<\/li>\n<\/ul>\n<p>Waga pieca 73kg.;<\/p>\n<p>Maksymalna ilo\u015b\u0107 na palecie: 8 szt..;<\/p>\n<p>Waga ca\u0142ej palety: 600kg;<\/p>\n","protected":false},"featured_media":2428,"template":"","meta":[],"product_brand":[],"product_cat":[129],"product_tag":[],"class_list":{"0":"post-1870","1":"product","2":"type-product","3":"status-publish","4":"has-post-thumbnail","6":"product_cat-piece","8":"first","9":"instock","10":"shipping-taxable","11":"purchasable","12":"product-type-variable"},"_links":{"self":[{"href":"https:\/\/hottubline.eu\/pl\/wp-json\/wp\/v2\/product\/1870","targetHints":{"allow":["GET"]}}],"collection":[{"href":"https:\/\/hottubline.eu\/pl\/wp-json\/wp\/v2\/product"}],"about":[{"href":"https:\/\/hottubline.eu\/pl\/wp-json\/wp\/v2\/types\/product"}],"version-history":[{"count":8,"href":"https:\/\/hottubline.eu\/pl\/wp-json\/wp\/v2\/product\/1870\/revisions"}],"predecessor-version":[{"id":2789,"href":"https:\/\/hottubline.eu\/pl\/wp-json\/wp\/v2\/product\/1870\/revisions\/2789"}],"wp:featuredmedia":[{"embeddable":true,"href":"https:\/\/hottubline.eu\/pl\/wp-json\/wp\/v2\/media\/2428"}],"wp:attachment":[{"href":"https:\/\/hottubline.eu\/pl\/wp-json\/wp\/v2\/media?parent=1870"}],"wp:term":[{"taxonomy":"product_brand","embeddable":true,"href":"https:\/\/hottubline.eu\/pl\/wp-json\/wp\/v2\/product_brand?post=1870"},{"taxonomy":"product_cat","embeddable":true,"href":"https:\/\/hottubline.eu\/pl\/wp-json\/wp\/v2\/product_cat?post=1870"},{"taxonomy":"product_tag","embeddable":true,"href":"https:\/\/hottubline.eu\/pl\/wp-json\/wp\/v2\/product_tag?post=1870"}],"curies":[{"name":"wp","href":"https:\/\/api.w.org\/{rel}","templated":true}]}}