{"id":1861,"date":"2025-08-20T08:10:50","date_gmt":"2025-08-20T05:10:50","guid":{"rendered":"https:\/\/hottubline.eu\/polityka-prywatnosci\/"},"modified":"2025-08-20T08:10:50","modified_gmt":"2025-08-20T05:10:50","slug":"polityka-prywatnosci","status":"publish","type":"page","link":"https:\/\/hottubline.eu\/pl\/polityka-prywatnosci\/","title":{"rendered":"Polityka prywatno\u015bci"},"content":{"rendered":"<p><strong>Polityka prywatno\u015bci www.kubilupasaulis.lt<\/strong><\/p>\n<p><strong>I. Koncepcje<\/strong><\/p>\n<p>1.1. Sprzedawc\u0105 jest UAB \u201eKubil\u0173 pasaulis\u201d, kod prawny 304423513, numer VAT LT100010536010, adres siedziby: Pramon\u0117s 7a, rejon Virgainiai, rejon Rosieni. LT-60340.<br \/>1.2. Kupuj\u0105cy \u2013 1) pe\u0142noletnia osoba fizyczna, kt\u00f3ra dokonuje zakupu w sklepie internetowym www.kubilupasaulis.lt, tj. osoba pe\u0142noletnia, kt\u00f3rej zdolno\u015b\u0107 do czynno\u015bci prawnych nie jest ograniczona i kt\u00f3ra nie zosta\u0142a uznana przez s\u0105d za ubezw\u0142asnowolnion\u0105 lub osoba ma\u0142oletnia, kt\u00f3rej s\u0105d przyzna\u0142 zdolno\u015b\u0107 prawn\u0105; 2) osoba ma\u0142oletnia w wieku od czternastu do osiemnastu lat, posiadaj\u0105ca zgod\u0119 rodzic\u00f3w lub opiekun\u00f3w na zawarcie transakcji; 3) osoba prawna.<br \/>1.3. www.kubilupasaulis.lt \u2013 sklep internetowy dost\u0119pny pod adresem www.kubilupasaulis.lt.<br \/>1.4. Dane osobowe \u2013 w rozumieniu Ustawy o ochronie danych osobowych Republiki Litewskiej, a mianowicie: wszelkie informacje dotycz\u0105ce osoby fizycznej \u2013 osoby, kt\u00f3rej to\u017csamo\u015b\u0107 jest znana lub mo\u017ce by\u0107 bezpo\u015brednio lub po\u015brednio ustalona na podstawie takich danych, jak identyfikator osobisty, jedna lub kilka cech fizycznych, fizjologicznych, psychicznych, ekonomicznych, kulturowych lub spo\u0142ecznych danej osoby.<br \/>1.5. Plik cookie to niewielki plik wysy\u0142any do urz\u0105dzenia u\u017cytkownika, gdy ten odwiedza dan\u0105 stron\u0119 internetow\u0105. Za pomoc\u0105 plik\u00f3w cookie strona internetowa rozpoznaje urz\u0105dzenie u\u017cytkownika (np. przy kolejnej wizycie u\u017cytkownika na tej stronie). Pliki cookie mog\u0105 by\u0107 u\u017cywane do \u201e\u015bledzenia\u201d u\u017cytkownika, jego zachowania i nawyk\u00f3w w Internecie, a tym samym tworzenia jego profilu.<br \/>1.6. Regulamin \u2013 zatwierdzony przez Sprzedawc\u0119 regulamin kupna i sprzeda\u017cy towar\u00f3w w sklepie internetowym www.kubilupasaulis.lt, opublikowany publicznie na stronie internetowej www.kubilupasaulis.lt.<br \/>1.7. Polityka prywatno\u015bci \u2013 to polityka prywatno\u015bci sklepu internetowego www.kubilupasaulis.lt.            <\/p>\n<p><strong>II. Postanowienia og\u00f3lne <\/strong><\/p>\n<p>2.1. Niniejsza polityka prywatno\u015bci sklepu internetowego www.kubilupasaulis.lt okre\u015bla podstawowe zasady i tryb gromadzenia, przetwarzania i przechowywania danych osobowych.<br \/>2.2. Gromadzenie, przetwarzanie i przechowywanie danych osobowych okre\u015bla niniejsza polityka prywatno\u015bci, Ustawa o ochronie prawnej danych osobowych Republiki Litewskiej, Ustawa o komunikacji elektronicznej Republiki Litewskiej oraz inne akty prawne.<br \/>2.3. Podaj\u0105c swoje dane osobowe w sklepie internetowym, Kupuj\u0105cy potwierdza, \u017ce \u200b\u200bwyra\u017ca zgod\u0119 na ich zarz\u0105dzanie i przetwarzanie przez Sprzedawc\u0119 w celach, przy u\u017cyciu \u015brodk\u00f3w i w trybie okre\u015blonym w niniejszej polityce prywatno\u015bci i aktach prawnych.<br \/>2.4. Sprzedawca kieruje si\u0119 nast\u0119puj\u0105cymi podstawowymi zasadami przetwarzania danych osobowych:   <\/p>\n<p>Dane osobowe s\u0105 gromadzone w okre\u015blonych i prawnie uzasadnionych celach.<br \/>Dane osobowe s\u0105 przetwarzane dok\u0142adnie i rzetelnie.<br \/>Dane osobowe s\u0105 przetwarzane zgodnie z prawem.<\/p>\n<p>2.5. Sprzedawca szanuje prywatno\u015b\u0107 ka\u017cdego Kupuj\u0105cego, dlatego te\u017c wszelkie dane osobowe Kupuj\u0105cego (imi\u0119, nazwisko, grupa wiekowa, adres, numer telefonu, adres e-mail i inne informacje podane w formularzu rejestracyjnym lub zam\u00f3wieniowym sklepu elektronicznego www.kubilupasaulis.lt) s\u0105 gromadzone i przetwarzane w nast\u0119puj\u0105cych celach:<\/p>\n<p>przetwarzania zam\u00f3wie\u0144 na produkty;<br \/>wystawiania dokument\u00f3w finansowych (np. faktur);<br \/>rozwi\u0105zywania problem\u00f3w zwi\u0105zanych z prezentacj\u0105 lub dostaw\u0105 towar\u00f3w;<br \/>wype\u0142niania innych zobowi\u0105za\u0144 umownych;<br \/>do cel\u00f3w marketingu bezpo\u015bredniego.<\/p>\n<p>2.6. Dane osobowe s\u0105 stale aktualizowane i przechowywane nie d\u0142u\u017cej ni\u017c wymagaj\u0105 tego ustalone cele przetwarzania danych.<br \/>2.7. Wszystkie informacje o przetwarzanych danych osobowych s\u0105 poufne. Sprzedawca szanuje prywatno\u015b\u0107 Kupuj\u0105cego oraz wszelkie dane osobowe, a tak\u017ce wszelkie inne informacje dotycz\u0105ce towar\u00f3w zakupionych przez Kupuj\u0105cego w sklepie internetowym www.kubilupasaulis.lt. Sprzedawca nie mo\u017ce by\u0107 ujawniany osobom trzecim, z wyj\u0105tkiem przypadk\u00f3w, gdy jest do tego zobowi\u0105zany na mocy przepis\u00f3w prawa lub nakazu s\u0105dowego.<br \/>2.8. Sprzedawca ma prawo wykorzystywa\u0107 dane niezwi\u0105zane bezpo\u015brednio z Kupuj\u0105cym do cel\u00f3w statystycznych, tj. dane dotycz\u0105ce zakupionych towar\u00f3w. Takie dane statystyczne mog\u0105 by\u0107 gromadzone i przetwarzane w spos\u00f3b uniemo\u017cliwiaj\u0105cy ujawnienie to\u017csamo\u015bci Kupuj\u0105cego lub innych danych osobowych umo\u017cliwiaj\u0105cych jego identyfikacj\u0119.    <\/p>\n<p><strong>III. Pliki cookie <\/strong><\/p>\n<p>3.1. Sklep elektroniczny www.kubilupasaulis.lt wykorzystuje pliki cookie.<br \/>3.2. Gdy Kupuj\u0105cy po raz pierwszy odwiedza sklep internetowy www.kubilupasaulis.lt, pliki cookie s\u0105 przesy\u0142ane na komputer Kupuj\u0105cego lub inne urz\u0105dzenie, z kt\u00f3rego korzysta ze sklepu internetowego, i s\u0142u\u017c\u0105 p\u00f3\u017aniej do identyfikacji. Jest to powszechna praktyka przegl\u0105dania stron internetowych, kt\u00f3ra u\u0142atwia Kupuj\u0105cemu poruszanie si\u0119 po odwiedzonych ju\u017c stronach i upraszcza dost\u0119p do opublikowanych informacji. Wi\u0119kszo\u015b\u0107 przegl\u0105darek internetowych akceptuje pliki cookie, ale je\u015bli Kupuj\u0105cy nie chce otrzymywa\u0107 plik\u00f3w cookie, mo\u017ce zmieni\u0107 ustawienia swojej przegl\u0105darki internetowej tak, aby pliki cookie nie by\u0142y akceptowane. W takim przypadku informujemy, \u017ce niekt\u00f3re funkcje sklepu elektronicznego www.kubilupasaulis.lt mog\u0105 nie dzia\u0142a\u0107.<br \/>3.3. Sprzedawca informuje, \u017ce korzystanie z plik\u00f3w cookies automatycznie przechwytuje dane dotycz\u0105ce ruchu na stronie internetowej: informacje o tym, ilu odwiedzaj\u0105cych odwiedzi\u0142o stron\u0119, jaka jest nazwa obszaru serwera (domeny) dostawcy us\u0142ug internetowych odwiedzaj\u0105cych, jakie informacje s\u0105 najcz\u0119\u015bciej odczytywane itp. Pomaga to Sprzedawcy zrozumie\u0107, w jaki spos\u00f3b odwiedzaj\u0105cy korzystaj\u0105 ze strony internetowej i daje mo\u017cliwo\u015b\u0107 udoskonalenia \u015bwiadczonych us\u0142ug oraz uproszczenia dost\u0119pno\u015bci informacji.      <\/p>\n<p><strong>IV. Postanowienia ko\u0144cowe <\/strong><\/p>\n<p>4.1. Sprzedawca ma prawo do zmiany Polityki Prywatno\u015bci w dowolnym momencie i wed\u0142ug w\u0142asnego uznania. Po zmianie Polityki Prywatno\u015bci przez Sprzedawc\u0119, nowa lub poprawiona wersja Polityki Prywatno\u015bci wchodzi w \u017cycie z chwil\u0105 jej opublikowania na stronie www.kubilupasaulis.lt. Kupuj\u0105cy zobowi\u0105zany jest ka\u017cdorazowo przed dokonaniem zakupu w sklepie internetowym www.kubilupasaulis.lt sprawdzi\u0107, czy zosta\u0142a opublikowana nowa lub poprawiona wersja Polityki Prywatno\u015bci i zapozna\u0107 si\u0119 z ni\u0105. Za ka\u017cdym razem, gdy Kupuj\u0105cy dokonuje zakupu w sklepie internetowym www.kubilupasaulis.lt, uznaje si\u0119, \u017ce zapozna\u0142 si\u0119 z najnowsz\u0105 wersj\u0105 Polityki Prywatno\u015bci i zgadza si\u0119 na dokonywanie zakup\u00f3w zgodnie z jej najnowsz\u0105 wersj\u0105. Dodatki lub zmiany Polityki Prywatno\u015bci obowi\u0105zuj\u0105 od dnia ich opublikowania.    <\/p>\n","protected":false},"excerpt":{"rendered":"<p>Polityka prywatno\u015bci www.kubilupasaulis.lt I. Koncepcje 1.1. Sprzedawc\u0105 jest UAB \u201eKubil\u0173 pasaulis\u201d, kod prawny 304423513, numer VAT LT100010536010, adres siedziby: Pramon\u0117s<\/p>\n","protected":false},"author":5,"featured_media":0,"parent":0,"menu_order":0,"comment_status":"closed","ping_status":"open","template":"","meta":{"footnotes":""},"class_list":["post-1861","page","type-page","status-publish","hentry"],"_links":{"self":[{"href":"https:\/\/hottubline.eu\/pl\/wp-json\/wp\/v2\/pages\/1861","targetHints":{"allow":["GET"]}}],"collection":[{"href":"https:\/\/hottubline.eu\/pl\/wp-json\/wp\/v2\/pages"}],"about":[{"href":"https:\/\/hottubline.eu\/pl\/wp-json\/wp\/v2\/types\/page"}],"author":[{"embeddable":true,"href":"https:\/\/hottubline.eu\/pl\/wp-json\/wp\/v2\/users\/5"}],"replies":[{"embeddable":true,"href":"https:\/\/hottubline.eu\/pl\/wp-json\/wp\/v2\/comments?post=1861"}],"version-history":[{"count":0,"href":"https:\/\/hottubline.eu\/pl\/wp-json\/wp\/v2\/pages\/1861\/revisions"}],"wp:attachment":[{"href":"https:\/\/hottubline.eu\/pl\/wp-json\/wp\/v2\/media?parent=1861"}],"curies":[{"name":"wp","href":"https:\/\/api.w.org\/{rel}","templated":true}]}}