{"id":1847,"date":"2024-03-22T12:32:21","date_gmt":"2024-03-22T10:32:21","guid":{"rendered":"https:\/\/hottubline.eu\/skontaktuj-sie-z-nami\/"},"modified":"2026-02-05T16:45:06","modified_gmt":"2026-02-05T14:45:06","slug":"skontaktuj-sie-z-nami","status":"publish","type":"page","link":"https:\/\/hottubline.eu\/pl\/skontaktuj-sie-z-nami\/","title":{"rendered":"Kontakty"},"content":{"rendered":"\t\t<div data-elementor-type=\"wp-page\" data-elementor-id=\"1847\" class=\"elementor elementor-1847 elementor-17\">\n\t\t\t\t<div class=\"wd-negative-gap elementor-element elementor-element-df6c0d8 e-flex e-con-boxed e-con e-parent\" data-id=\"df6c0d8\" data-element_type=\"container\">\n\t\t\t\t\t<div class=\"e-con-inner\">\n\t\t<div class=\"elementor-element elementor-element-8bd6765 e-con-full e-flex e-con e-child\" data-id=\"8bd6765\" data-element_type=\"container\">\n\t\t\t\t<div class=\"elementor-element elementor-element-919be63 wd-width-100 elementor-widget elementor-widget-wd_title\" data-id=\"919be63\" data-element_type=\"widget\" data-widget_type=\"wd_title.default\">\n\t\t\t\t<div class=\"elementor-widget-container\">\n\t\t\t\t\t\t\t<div class=\"title-wrapper wd-set-mb reset-last-child wd-title-color-default wd-title-style-default wd-title-size-medium text-left\">\n\n\t\t\t\n\t\t\t<div class=\"liner-continer\">\n\t\t\t\t<h4 class=\"woodmart-title-container title wd-fontsize-xl\">Adres<\/h4> \n\t\t\t\t\t\t\t<\/div>\n\n\t\t\t\t\t<\/div>\n\t\t\t\t\t\t<\/div>\n\t\t\t\t<\/div>\n\t\t\t\t<div class=\"elementor-element elementor-element-c68a89d elementor-widget elementor-widget-wd_text_block\" data-id=\"c68a89d\" data-element_type=\"widget\" data-widget_type=\"wd_text_block.default\">\n\t\t\t\t<div class=\"elementor-widget-container\">\n\t\t\t\t\t\t\t<div class=\"wd-text-block reset-last-child text-left color-title\">\n\t\t\t\n\t\t\t<u>Smiltyn\u0117s gatv\u0117 4, Vidukl\u0117, LT-60358<\/u>\n\t\t\t\t\t<\/div>\n\t\t\t\t\t\t<\/div>\n\t\t\t\t<\/div>\n\t\t\t\t<div class=\"elementor-element elementor-element-c6f4b8f elementor-widget elementor-widget-wd_list\" data-id=\"c6f4b8f\" data-element_type=\"widget\" data-widget_type=\"wd_list.default\">\n\t\t\t\t<div class=\"elementor-widget-container\">\n\t\t\t\t\t\t\t<ul class=\"wd-list color-scheme- wd-fontsize-xs wd-type-unordered wd-style-default text-left\">\n\t\t\t\t\t\t\t\t\t\t\t<li class=\"elementor-repeater-item-d5ad82c\">\n\t\t\t\t\t\t\t\t\t\t\t<span class=\"wd-icon\"><\/span>\t\t\t\t\t\n\t\t\t\t\t<span class=\"wd-list-content list-content\">\n\t\t\t\t\t\tUAB \u201cKubil\u0173 pasaulis\u201d\t\t\t\t\t<\/span>\n\n\t\t\t\t\t\t\t\t\t<\/li>\n\t\t\t\t\t\t\t\t\t\t\t<li class=\"elementor-repeater-item-cff6d9b\">\n\t\t\t\t\t\t\t\t\t\t\t<span class=\"wd-icon\"><\/span>\t\t\t\t\t\n\t\t\t\t\t<span class=\"wd-list-content list-content\">\n\t\t\t\t\t\tKod firmy: 304423513\t\t\t\t\t<\/span>\n\n\t\t\t\t\t\t\t\t\t<\/li>\n\t\t\t\t\t\t\t\t\t\t\t<li class=\"elementor-repeater-item-df2c61f\">\n\t\t\t\t\t\t\t\t\t\t\t<span class=\"wd-icon\"><\/span>\t\t\t\t\t\n\t\t\t\t\t<span class=\"wd-list-content list-content\">\n\t\t\t\t\t\tKod VAT: LT100010536010\t\t\t\t\t<\/span>\n\n\t\t\t\t\t\t\t\t\t<\/li>\n\t\t\t\t\t\t\t\t\t\t\t<li class=\"elementor-repeater-item-0544c90\">\n\t\t\t\t\t\t\t\t\t\t\t<span class=\"wd-icon\"><\/span>\t\t\t\t\t\n\t\t\t\t\t<span class=\"wd-list-content list-content\">\n\t\t\t\t\t\tBank: Luminor SWIFT: AGBL LT 2X\t\t\t\t\t<\/span>\n\n\t\t\t\t\t\t\t\t\t<\/li>\n\t\t\t\t\t\t\t\t\t\t\t<li class=\"elementor-repeater-item-6337477\">\n\t\t\t\t\t\t\t\t\t\t\t<span class=\"wd-icon\"><\/span>\t\t\t\t\t\n\t\t\t\t\t<span class=\"wd-list-content list-content\">\n\t\t\t\t\t\tNumer konta: LT084010051003765016\t\t\t\t\t<\/span>\n\n\t\t\t\t\t\t\t\t\t<\/li>\n\t\t\t\t\t<\/ul>\n\n\t\t\t\t\t\t<\/div>\n\t\t\t\t<\/div>\n\t\t<div class=\"elementor-element elementor-element-9166bcc e-con-full e-flex e-con e-child\" data-id=\"9166bcc\" data-element_type=\"container\">\n\t\t<div class=\"elementor-element elementor-element-2e1f2de e-con-full e-flex e-con e-child\" data-id=\"2e1f2de\" data-element_type=\"container\">\n\t\t\t\t<div class=\"elementor-element elementor-element-b538b30 wd-width-100 elementor-widget elementor-widget-wd_title\" data-id=\"b538b30\" data-element_type=\"widget\" data-widget_type=\"wd_title.default\">\n\t\t\t\t<div class=\"elementor-widget-container\">\n\t\t\t\t\t\t\t<div class=\"title-wrapper wd-set-mb reset-last-child wd-title-color-default wd-title-style-default wd-title-size-medium text-left\">\n\n\t\t\t\n\t\t\t<div class=\"liner-continer\">\n\t\t\t\t<h4 class=\"woodmart-title-container title wd-fontsize-xl\">Telefon<\/h4> \n\t\t\t\t\t\t\t<\/div>\n\n\t\t\t\t\t<\/div>\n\t\t\t\t\t\t<\/div>\n\t\t\t\t<\/div>\n\t\t\t\t<div class=\"elementor-element elementor-element-b63652f elementor-widget elementor-widget-wd_text_block\" data-id=\"b63652f\" data-element_type=\"widget\" data-widget_type=\"wd_text_block.default\">\n\t\t\t\t<div class=\"elementor-widget-container\">\n\t\t\t\t\t\t\t<div class=\"wd-text-block reset-last-child text-left color-title\">\n\t\t\t\n\t\t\t<a href=\"tel:+37060884742 \">+37060884742 <\/a>\n\t\t\t\t\t<\/div>\n\t\t\t\t\t\t<\/div>\n\t\t\t\t<\/div>\n\t\t\t\t<\/div>\n\t\t<div class=\"elementor-element elementor-element-4c3045c e-con-full e-flex e-con e-child\" data-id=\"4c3045c\" data-element_type=\"container\">\n\t\t\t\t<div class=\"elementor-element elementor-element-8d8e7a6 wd-width-100 elementor-widget elementor-widget-wd_title\" data-id=\"8d8e7a6\" data-element_type=\"widget\" data-widget_type=\"wd_title.default\">\n\t\t\t\t<div class=\"elementor-widget-container\">\n\t\t\t\t\t\t\t<div class=\"title-wrapper wd-set-mb reset-last-child wd-title-color-default wd-title-style-default wd-title-size-medium text-left\">\n\n\t\t\t\n\t\t\t<div class=\"liner-continer\">\n\t\t\t\t<h4 class=\"woodmart-title-container title wd-fontsize-xl\">E-mail<\/h4> \n\t\t\t\t\t\t\t<\/div>\n\n\t\t\t\t\t<\/div>\n\t\t\t\t\t\t<\/div>\n\t\t\t\t<\/div>\n\t\t\t\t<div class=\"elementor-element elementor-element-68ac5b5 elementor-widget elementor-widget-wd_text_block\" data-id=\"68ac5b5\" data-element_type=\"widget\" data-widget_type=\"wd_text_block.default\">\n\t\t\t\t<div class=\"elementor-widget-container\">\n\t\t\t\t\t\t\t<div class=\"wd-text-block reset-last-child text-left color-title\">\n\t\t\t\n\t\t\t<a href=\"mailto:info@kubilupasaulis.lt\">info@kubilupasaulis.lt<\/a>\n\t\t\t\t\t<\/div>\n\t\t\t\t\t\t<\/div>\n\t\t\t\t<\/div>\n\t\t\t\t<\/div>\n\t\t\t\t<\/div>\n\t\t<div class=\"wd-negative-gap elementor-element elementor-element-9bb0112 e-flex e-con-boxed e-con e-child\" data-id=\"9bb0112\" data-element_type=\"container\" data-settings=\"{&quot;background_background&quot;:&quot;classic&quot;}\">\n\t\t\t\t\t<div class=\"e-con-inner\">\n\t\t\t\t<div class=\"elementor-element elementor-element-3dea4f3 wd-width-100 elementor-widget elementor-widget-wd_title\" data-id=\"3dea4f3\" data-element_type=\"widget\" data-widget_type=\"wd_title.default\">\n\t\t\t\t<div class=\"elementor-widget-container\">\n\t\t\t\t\t\t\t<div class=\"title-wrapper wd-set-mb reset-last-child wd-title-color-default wd-title-style-default wd-title-size-default text-left\">\n\n\t\t\t\n\t\t\t<div class=\"liner-continer\">\n\t\t\t\t<h4 class=\"woodmart-title-container title wd-fontsize-l\">Skontaktuj si\u0119 z nami<\/h4> \n\t\t\t\t\t\t\t<\/div>\n\n\t\t\t\t\t<\/div>\n\t\t\t\t\t\t<\/div>\n\t\t\t\t<\/div>\n\t\t\t\t<div class=\"elementor-element elementor-element-876b015 wd-cf7 elementor-widget elementor-widget-wd_contact_form_7\" data-id=\"876b015\" data-element_type=\"widget\" data-widget_type=\"wd_contact_form_7.default\">\n\t\t\t\t<div class=\"elementor-widget-container\">\n\t\t\t\t\t\n<div class=\"wpcf7 no-js\" id=\"wpcf7-f1884-o1\" lang=\"en-US\" dir=\"ltr\" data-wpcf7-id=\"1884\">\n<div class=\"screen-reader-response\"><p role=\"status\" aria-live=\"polite\" aria-atomic=\"true\"><\/p> <ul><\/ul><\/div>\n<form action=\"\/pl\/wp-json\/wp\/v2\/pages\/1847#wpcf7-f1884-o1\" method=\"post\" class=\"wpcf7-form init\" aria-label=\"Contact form\" novalidate=\"novalidate\" data-status=\"init\">\n<fieldset class=\"hidden-fields-container\"><input type=\"hidden\" name=\"_wpcf7\" value=\"1884\" \/><input type=\"hidden\" name=\"_wpcf7_version\" value=\"6.1.1\" \/><input type=\"hidden\" name=\"_wpcf7_locale\" value=\"en_US\" \/><input type=\"hidden\" name=\"_wpcf7_unit_tag\" value=\"wpcf7-f1884-o1\" \/><input type=\"hidden\" name=\"_wpcf7_container_post\" value=\"0\" \/><input type=\"hidden\" name=\"_wpcf7_posted_data_hash\" value=\"\" \/>\n<\/fieldset>\n<div class=\"wd-grid-g\">\n\t<div class=\"wd-grid-f-stretch\" style=\"--wd-gap-lg: 30px;--wd-gap-sm: 20px\">\n\t\t<p class=\"wd-col\"><span class=\"wpcf7-form-control-wrap\" data-name=\"First\"><input size=\"40\" maxlength=\"400\" class=\"wpcf7-form-control wpcf7-text wpcf7-validates-as-required\" aria-required=\"true\" aria-invalid=\"false\" placeholder=\"Imi\u0119\" value=\"\" type=\"text\" name=\"First\" \/><\/span>\n\t\t<\/p>\n\t\t<p class=\"wd-col\"><span class=\"wpcf7-form-control-wrap\" data-name=\"Last\"><input size=\"40\" maxlength=\"400\" class=\"wpcf7-form-control wpcf7-text wpcf7-validates-as-required\" aria-required=\"true\" aria-invalid=\"false\" placeholder=\"Nazwisko\" value=\"\" type=\"text\" name=\"Last\" \/><\/span>\n\t\t<\/p>\n\t<\/div>\n\t<p class=\"wd-col\"><span class=\"wpcf7-form-control-wrap\" data-name=\"Email\"><input size=\"40\" maxlength=\"400\" class=\"wpcf7-form-control wpcf7-text wpcf7-validates-as-required\" aria-required=\"true\" aria-invalid=\"false\" placeholder=\"E-mail\" value=\"\" type=\"text\" name=\"Email\" \/><\/span>\n\t<\/p>\n\t<p class=\"wd-col\"><span class=\"wpcf7-form-control-wrap\" data-name=\"your-message\"><textarea cols=\"40\" rows=\"10\" maxlength=\"2000\" class=\"wpcf7-form-control wpcf7-textarea\" aria-invalid=\"false\" placeholder=\"Twoja wiadomo\u015b\u0107\" name=\"your-message\"><\/textarea><\/span>\n\t<\/p>\n\t<p class=\"wd-col\"><input class=\"wpcf7-form-control wpcf7-submit has-spinner btn btn-color-primary\" type=\"submit\" value=\"Wy\u015blij wiadomo\u015b\u0107\" \/>\n\t<\/p>\n<\/div><div class=\"wpcf7-response-output\" aria-hidden=\"true\"><\/div>\n<\/form>\n<\/div>\n\t\t\t\t<\/div>\n\t\t\t\t<\/div>\n\t\t\t\t\t<\/div>\n\t\t\t\t<\/div>\n\t\t\t\t<\/div>\n\t\t<div class=\"elementor-element elementor-element-ac881df e-con-full e-flex e-con e-child\" data-id=\"ac881df\" data-element_type=\"container\">\n\t\t\t\t<div class=\"elementor-element elementor-element-a7cd3f9 wd-width-100 elementor-widget elementor-widget-wd_open_street_map\" data-id=\"a7cd3f9\" data-element_type=\"widget\" data-widget_type=\"wd_open_street_map.default\">\n\t\t\t\t<div class=\"elementor-widget-container\">\n\t\t\t\t\t\t\t<div class=\"wd-osm-map-container wd-map-container\">\n\t\t\t<div id=\"wd-osm-map-a7cd3f9\" class=\"wd-osm-map-wrapper wd-map-wrapper\" data-settings=\"{&quot;zoom&quot;:15,&quot;iconUrl&quot;:&quot;https:\\\/\\\/hottubline.eu\\\/wp-content\\\/themes\\\/woodmart\\\/images\\\/icons\\\/marker-icon.png&quot;,&quot;scrollWheelZoom&quot;:&quot;no&quot;,&quot;zoomControl&quot;:&quot;yes&quot;,&quot;dragging&quot;:&quot;yes&quot;,&quot;geoapify_tile&quot;:&quot;osm-carto&quot;,&quot;markers&quot;:[{&quot;marker&quot;:{&quot;_id&quot;:&quot;148ebdf&quot;,&quot;marker_coords&quot;:&quot;55.421023,22.862656&quot;,&quot;marker_title&quot;:&quot;&quot;,&quot;marker_description&quot;:&quot;&quot;,&quot;marker_behavior&quot;:&quot;popup&quot;,&quot;show_button&quot;:&quot;no&quot;,&quot;button_text&quot;:null,&quot;button_url&quot;:null,&quot;button_url_target&quot;:null,&quot;image&quot;:{&quot;url&quot;:&quot;&quot;,&quot;id&quot;:&quot;&quot;,&quot;size&quot;:&quot;&quot;},&quot;image_size&quot;:[],&quot;image_custom_dimension&quot;:null},&quot;lat&quot;:&quot;55.421023&quot;,&quot;lng&quot;:&quot;22.862656&quot;}],&quot;center&quot;:&quot;55.421023,22.862656&quot;,&quot;init_type&quot;:&quot;page_load&quot;}\"><\/div>\n\n\t\t\t\n\t\t\t\n\t\t\t\t\t<\/div>\n\t\t\t\t\t\t<\/div>\n\t\t\t\t<\/div>\n\t\t\t\t<\/div>\n\t\t\t\t\t<\/div>\n\t\t\t\t<\/div>\n\t\t\t\t<\/div>\n\t\t","protected":false},"excerpt":{"rendered":"<p>Adres Smiltyn\u0117s gatv\u0117 4, Vidukl\u0117, LT-60358 UAB \u201cKubil\u0173 pasaulis\u201d Kod firmy: 304423513 Kod VAT: LT100010536010 Bank: Luminor SWIFT: AGBL LT<\/p>\n","protected":false},"author":5,"featured_media":0,"parent":0,"menu_order":0,"comment_status":"closed","ping_status":"closed","template":"","meta":{"footnotes":""},"class_list":["post-1847","page","type-page","status-publish","hentry"],"_links":{"self":[{"href":"https:\/\/hottubline.eu\/pl\/wp-json\/wp\/v2\/pages\/1847","targetHints":{"allow":["GET"]}}],"collection":[{"href":"https:\/\/hottubline.eu\/pl\/wp-json\/wp\/v2\/pages"}],"about":[{"href":"https:\/\/hottubline.eu\/pl\/wp-json\/wp\/v2\/types\/page"}],"author":[{"embeddable":true,"href":"https:\/\/hottubline.eu\/pl\/wp-json\/wp\/v2\/users\/5"}],"replies":[{"embeddable":true,"href":"https:\/\/hottubline.eu\/pl\/wp-json\/wp\/v2\/comments?post=1847"}],"version-history":[{"count":9,"href":"https:\/\/hottubline.eu\/pl\/wp-json\/wp\/v2\/pages\/1847\/revisions"}],"predecessor-version":[{"id":3326,"href":"https:\/\/hottubline.eu\/pl\/wp-json\/wp\/v2\/pages\/1847\/revisions\/3326"}],"wp:attachment":[{"href":"https:\/\/hottubline.eu\/pl\/wp-json\/wp\/v2\/media?parent=1847"}],"curies":[{"name":"wp","href":"https:\/\/api.w.org\/{rel}","templated":true}]}}