{"id":1841,"date":"2024-03-22T12:32:07","date_gmt":"2024-03-22T10:32:07","guid":{"rendered":"https:\/\/hottubline.eu\/o-nas\/"},"modified":"2025-09-05T13:39:41","modified_gmt":"2025-09-05T10:39:41","slug":"o-nas","status":"publish","type":"page","link":"https:\/\/hottubline.eu\/pl\/o-nas\/","title":{"rendered":"O nas"},"content":{"rendered":"\t\t<div data-elementor-type=\"wp-page\" data-elementor-id=\"1841\" class=\"elementor elementor-1841 elementor-512\">\n\t\t\t\t<div class=\"wd-negative-gap elementor-element elementor-element-4a5f32b e-flex e-con-boxed e-con e-parent\" data-id=\"4a5f32b\" data-element_type=\"container\">\n\t\t\t\t\t<div class=\"e-con-inner\">\n\t\t<div class=\"elementor-element elementor-element-8939698 e-con-full e-flex e-con e-child\" data-id=\"8939698\" data-element_type=\"container\">\n\t\t\t\t<div class=\"elementor-element elementor-element-249cb4c wd-width-100 elementor-widget elementor-widget-wd_title\" data-id=\"249cb4c\" data-element_type=\"widget\" data-widget_type=\"wd_title.default\">\n\t\t\t\t<div class=\"elementor-widget-container\">\n\t\t\t\t\t\t\t<div class=\"title-wrapper wd-set-mb reset-last-child wd-title-color-default wd-title-style-default wd-title-size-small text-left\">\n\n\t\t\t\n\t\t\t<div class=\"liner-continer\">\n\t\t\t\t<h5 class=\"woodmart-title-container title wd-fontsize-m wd-underline-colored\"><u>Kubilu Pasaulis<\/u> \u2013 najwi\u0119kszy producent wanien z hydromasa\u017cem na Litwie<\/h5> \n\t\t\t\t\t\t\t<\/div>\n\n\t\t\t\t\t<\/div>\n\t\t\t\t\t\t<\/div>\n\t\t\t\t<\/div>\n\t\t\t\t<\/div>\n\t\t<div class=\"elementor-element elementor-element-05fa8d8 e-con-full e-flex e-con e-child\" data-id=\"05fa8d8\" data-element_type=\"container\">\n\t\t\t\t<div class=\"elementor-element elementor-element-faede00 elementor-widget elementor-widget-wd_text_block\" data-id=\"faede00\" data-element_type=\"widget\" data-widget_type=\"wd_text_block.default\">\n\t\t\t\t<div class=\"elementor-widget-container\">\n\t\t\t\t\t\t\t<div class=\"wd-text-block reset-last-child text-left\">\n\t\t\t\n\t\t\t<p>Jeste\u015bmy producentem wanien ogrodowych z hydromasa\u017cem. Posiadamy ponad 5 lat do\u015bwiadczenia w tej bran\u017cy. Wsp\u00f3\u0142pracujemy z wieloma firmami i klientami indywidualnymi w Europie, kt\u00f3rzy s\u0105 zadowoleni z naszej pracy, o czym \u015bwiadcz\u0105 opinie klient\u00f3w na naszej stronie internetowej i profilu na Facebooku. W produkcji wanien z hydromasa\u017cem wykorzystujemy najnowsze technologie, ale wszystkie wanny s\u0105 montowane r\u0119cznie przez specjalist\u00f3w. Wszystkie nasze wanny ogrodowe s\u0105 testowane wod\u0105 i poddawane innym kontrolom przed dostaw\u0105 do klienta.    <\/p>\n\t\t\t\t\t<\/div>\n\t\t\t\t\t\t<\/div>\n\t\t\t\t<\/div>\n\t\t\t\t<\/div>\n\t\t\t\t\t<\/div>\n\t\t\t\t<\/div>\n\t\t<div class=\"wd-negative-gap elementor-element elementor-element-0e49826 wd-section-stretch e-flex e-con-boxed e-con e-parent\" data-id=\"0e49826\" data-element_type=\"container\" data-settings=\"{&quot;background_background&quot;:&quot;classic&quot;}\">\n\t\t\t\t\t<div class=\"e-con-inner\">\n\t\t\t\t<div class=\"elementor-element elementor-element-66262d6 wd-width-100 elementor-widget elementor-widget-wd_images_gallery\" data-id=\"66262d6\" data-element_type=\"widget\" data-widget_type=\"wd_images_gallery.default\">\n\t\t\t\t<div class=\"elementor-widget-container\">\n\t\t\t\t\t\t\t<div class=\"wd-images-gallery photoswipe-images\" style=\"--wd-align-items:center; --wd-justify-content:center;\">\n\t\t\t\t\t\t<div class=\"wd-grid-g\" style=\"--wd-col-lg:3;--wd-col-md:3;--wd-col-sm:1;--wd-gap-lg:10px;\" >\n\t\t\t\t\t\t\t\t\t\t\t\t\t\t\t\t\t\t<div class=\"wd-gallery-item wd-col\">\n\t\t\t\t\t\t\t\t\t\t\t\t\t<a  href=\"https:\/\/hottubline.eu\/wp-content\/uploads\/2025\/08\/20170720_092406.webp\" data-width=\"899\" data-height=\"506\" data-index=\"1\" data-elementor-open-lightbox=\"no\">\n\t\t\t\t\t\t\n\t\t\t\t\t\t<img fetchpriority=\"high\" decoding=\"async\" width=\"899\" height=\"506\" src=\"https:\/\/hottubline.eu\/wp-content\/uploads\/2025\/08\/20170720_092406.webp\" class=\"attachment-large size-large\" alt=\"20170720_092406\" srcset=\"https:\/\/hottubline.eu\/wp-content\/uploads\/2025\/08\/20170720_092406.webp 899w, https:\/\/hottubline.eu\/wp-content\/uploads\/2025\/08\/20170720_092406-300x169.webp 300w, https:\/\/hottubline.eu\/wp-content\/uploads\/2025\/08\/20170720_092406-768x432.webp 768w, https:\/\/hottubline.eu\/wp-content\/uploads\/2025\/08\/20170720_092406-150x84.webp 150w\" sizes=\"(max-width: 899px) 100vw, 899px\" \/>\n\t\t\t\t\t\t\t\t\t\t\t\t\t<\/a>\n\t\t\t\t\t\t\t\t\t\t\t<\/div>\n\t\t\t\t\t\t\t\t\t\t\t\t\t\t\t<div class=\"wd-gallery-item wd-col\">\n\t\t\t\t\t\t\t\t\t\t\t\t\t<a  href=\"https:\/\/hottubline.eu\/wp-content\/uploads\/2025\/08\/20170421_132242.webp\" data-width=\"1600\" data-height=\"901\" data-index=\"2\" data-elementor-open-lightbox=\"no\">\n\t\t\t\t\t\t\n\t\t\t\t\t\t<img decoding=\"async\" width=\"1024\" height=\"577\" src=\"https:\/\/hottubline.eu\/wp-content\/uploads\/2025\/08\/20170421_132242-1024x577.webp\" class=\"attachment-large size-large\" alt=\"20170421_132242\" srcset=\"https:\/\/hottubline.eu\/wp-content\/uploads\/2025\/08\/20170421_132242-1024x577.webp 1024w, https:\/\/hottubline.eu\/wp-content\/uploads\/2025\/08\/20170421_132242-300x169.webp 300w, https:\/\/hottubline.eu\/wp-content\/uploads\/2025\/08\/20170421_132242-768x432.webp 768w, https:\/\/hottubline.eu\/wp-content\/uploads\/2025\/08\/20170421_132242-1536x865.webp 1536w, https:\/\/hottubline.eu\/wp-content\/uploads\/2025\/08\/20170421_132242-1200x676.webp 1200w, https:\/\/hottubline.eu\/wp-content\/uploads\/2025\/08\/20170421_132242-150x84.webp 150w, https:\/\/hottubline.eu\/wp-content\/uploads\/2025\/08\/20170421_132242.webp 1600w\" sizes=\"(max-width: 1024px) 100vw, 1024px\" \/>\n\t\t\t\t\t\t\t\t\t\t\t\t\t<\/a>\n\t\t\t\t\t\t\t\t\t\t\t<\/div>\n\t\t\t\t\t\t\t\t\t\t\t\t\t\t\t<div class=\"wd-gallery-item wd-col\">\n\t\t\t\t\t\t\t\t\t\t\t\t\t<a  href=\"https:\/\/hottubline.eu\/wp-content\/uploads\/2025\/08\/20170720_092406.webp\" data-width=\"899\" data-height=\"506\" data-index=\"3\" data-elementor-open-lightbox=\"no\">\n\t\t\t\t\t\t\n\t\t\t\t\t\t<img fetchpriority=\"high\" decoding=\"async\" width=\"899\" height=\"506\" src=\"https:\/\/hottubline.eu\/wp-content\/uploads\/2025\/08\/20170720_092406.webp\" class=\"attachment-large size-large\" alt=\"20170720_092406\" srcset=\"https:\/\/hottubline.eu\/wp-content\/uploads\/2025\/08\/20170720_092406.webp 899w, https:\/\/hottubline.eu\/wp-content\/uploads\/2025\/08\/20170720_092406-300x169.webp 300w, https:\/\/hottubline.eu\/wp-content\/uploads\/2025\/08\/20170720_092406-768x432.webp 768w, https:\/\/hottubline.eu\/wp-content\/uploads\/2025\/08\/20170720_092406-150x84.webp 150w\" sizes=\"(max-width: 899px) 100vw, 899px\" \/>\n\t\t\t\t\t\t\t\t\t\t\t\t\t<\/a>\n\t\t\t\t\t\t\t\t\t\t\t<\/div>\n\t\t\t\t\t\t\t\t\t\t\t\t\t<\/div>\n\t\t\t\t\t<\/div>\n\t\t\t\t\t\t<\/div>\n\t\t\t\t<\/div>\n\t\t\t\t\t<\/div>\n\t\t\t\t<\/div>\n\t\t\t\t<\/div>\n\t\t","protected":false},"excerpt":{"rendered":"<p>Kubilu Pasaulis \u2013 najwi\u0119kszy producent wanien z hydromasa\u017cem na Litwie Jeste\u015bmy producentem wanien ogrodowych z hydromasa\u017cem. Posiadamy ponad 5 lat<\/p>\n","protected":false},"author":5,"featured_media":0,"parent":0,"menu_order":0,"comment_status":"closed","ping_status":"closed","template":"","meta":{"footnotes":""},"class_list":["post-1841","page","type-page","status-publish","hentry"],"_links":{"self":[{"href":"https:\/\/hottubline.eu\/pl\/wp-json\/wp\/v2\/pages\/1841","targetHints":{"allow":["GET"]}}],"collection":[{"href":"https:\/\/hottubline.eu\/pl\/wp-json\/wp\/v2\/pages"}],"about":[{"href":"https:\/\/hottubline.eu\/pl\/wp-json\/wp\/v2\/types\/page"}],"author":[{"embeddable":true,"href":"https:\/\/hottubline.eu\/pl\/wp-json\/wp\/v2\/users\/5"}],"replies":[{"embeddable":true,"href":"https:\/\/hottubline.eu\/pl\/wp-json\/wp\/v2\/comments?post=1841"}],"version-history":[{"count":1,"href":"https:\/\/hottubline.eu\/pl\/wp-json\/wp\/v2\/pages\/1841\/revisions"}],"predecessor-version":[{"id":1842,"href":"https:\/\/hottubline.eu\/pl\/wp-json\/wp\/v2\/pages\/1841\/revisions\/1842"}],"wp:attachment":[{"href":"https:\/\/hottubline.eu\/pl\/wp-json\/wp\/v2\/media?parent=1841"}],"curies":[{"name":"wp","href":"https:\/\/api.w.org\/{rel}","templated":true}]}}