{"id":2399,"date":"2025-10-02T11:47:49","date_gmt":"2025-10-02T08:47:49","guid":{"rendered":"https:\/\/hottubline.eu\/produktas\/integrated-oven-for-external-shells-25kw\/"},"modified":"2026-01-26T16:35:37","modified_gmt":"2026-01-26T14:35:37","slug":"integrated-oven-for-external-shells-25kw","status":"publish","type":"product","link":"https:\/\/hottubline.eu\/lt\/produktas\/integrated-oven-for-external-shells-25kw\/","title":{"rendered":"Integruota krosnel\u0117 i\u0161oriniams id\u0117klams 25kW"},"content":{"rendered":"","protected":false},"excerpt":{"rendered":"<p><strong>Komplektacija:<\/strong><\/p>\n<ul>\n<li>Krosnel\u0117, galingumas 25kw;<\/li>\n<li>2 m auk\u0161\u010dio kaminas;<\/li>\n<li>Kamino apsauga;<\/li>\n<li>Kamino kepur\u0117;<\/li>\n<li>Prijungimo \u017earnos 30 cm;<\/li>\n<li>Chamutai;<\/li>\n<li>Ketaus grotel\u0117s;<\/li>\n<li>Krosnel\u0117s flan\u0161ai;<\/li>\n<\/ul>\n<p><strong>Parametrai:<\/strong><\/p>\n<ul>\n<li>Auk\u0161\u010diausia vieta 410mm;<\/li>\n<li>\u017demiausia vieta 280mm;<\/li>\n<li>Plotis 620mm;<\/li>\n<li>Ilgis 580mm;<\/li>\n<li>Pakuros plotis 300mm;<\/li>\n<li>Pakuros gylis 430mm;<\/li>\n<li>Pakuros auk\u0161tis 340mm;<\/li>\n<\/ul>\n<p>&nbsp;<\/p>\n<p>Krosnel\u0117s svoris 44 kg;<\/p>\n<p>Maksimalus kiekis ant palet\u0117s 8 vnt.;<\/p>\n<p>Pilno pad\u0117klo svoris 500 kg;<\/p>\n","protected":false},"featured_media":2272,"template":"","meta":[],"product_brand":[],"product_cat":[98],"product_tag":[],"class_list":{"0":"post-2399","1":"product","2":"type-product","3":"status-publish","4":"has-post-thumbnail","6":"product_cat-krosneles","8":"first","9":"instock","10":"shipping-taxable","11":"purchasable","12":"product-type-variable"},"_links":{"self":[{"href":"https:\/\/hottubline.eu\/lt\/wp-json\/wp\/v2\/product\/2399","targetHints":{"allow":["GET"]}}],"collection":[{"href":"https:\/\/hottubline.eu\/lt\/wp-json\/wp\/v2\/product"}],"about":[{"href":"https:\/\/hottubline.eu\/lt\/wp-json\/wp\/v2\/types\/product"}],"version-history":[{"count":5,"href":"https:\/\/hottubline.eu\/lt\/wp-json\/wp\/v2\/product\/2399\/revisions"}],"predecessor-version":[{"id":2805,"href":"https:\/\/hottubline.eu\/lt\/wp-json\/wp\/v2\/product\/2399\/revisions\/2805"}],"wp:featuredmedia":[{"embeddable":true,"href":"https:\/\/hottubline.eu\/lt\/wp-json\/wp\/v2\/media\/2272"}],"wp:attachment":[{"href":"https:\/\/hottubline.eu\/lt\/wp-json\/wp\/v2\/media?parent=2399"}],"wp:term":[{"taxonomy":"product_brand","embeddable":true,"href":"https:\/\/hottubline.eu\/lt\/wp-json\/wp\/v2\/product_brand?post=2399"},{"taxonomy":"product_cat","embeddable":true,"href":"https:\/\/hottubline.eu\/lt\/wp-json\/wp\/v2\/product_cat?post=2399"},{"taxonomy":"product_tag","embeddable":true,"href":"https:\/\/hottubline.eu\/lt\/wp-json\/wp\/v2\/product_tag?post=2399"}],"curies":[{"name":"wp","href":"https:\/\/api.w.org\/{rel}","templated":true}]}}