{"id":2375,"date":"2025-10-02T11:33:27","date_gmt":"2025-10-02T08:33:27","guid":{"rendered":"https:\/\/hottubline.eu\/produktas\/external-oven-20-kw\/"},"modified":"2026-01-22T08:27:32","modified_gmt":"2026-01-22T06:27:32","slug":"external-oven-20-kw","status":"publish","type":"product","link":"https:\/\/hottubline.eu\/lt\/produktas\/external-oven-20-kw\/","title":{"rendered":"I\u0161orin\u0117 krosnel\u0117 20 kW"},"content":{"rendered":"","protected":false},"excerpt":{"rendered":"<p>Krosnel\u0117s pagamintos i\u0161 ner\u016bdijan\u010dio plieno.<\/p>\n<p><strong>Komplektacija:<\/strong><\/p>\n<ul>\n<li>Krosnel\u0117, galingumas 20kw;<\/li>\n<li>2 m auk\u0161\u010dio kaminas;<\/li>\n<li>Kamino kepur\u0117;<\/li>\n<li>Prijungimo \u017earnos 160 cm;<\/li>\n<li>Chamutai;<\/li>\n<li>Ketaus grotel\u0117s;<\/li>\n<li>Krosnel\u0117s flan\u0161ai;<\/li>\n<\/ul>\n<p><strong>Parametrai:<\/strong><\/p>\n<ul>\n<li>Auk\u0161tis 680 mm;<\/li>\n<li>Plotis 500 mm;<\/li>\n<li>Ilgis 500 mm;<\/li>\n<li>Pak\u016bros plotis 410mm;<\/li>\n<li>Pak\u016bros gylis 540mm;<\/li>\n<\/ul>\n<p>Krosnel\u0117s svoris 44 kg;<\/p>\n<p>Maksimalus kiekis ant palet\u0117s 8 vnt.;;<\/p>\n<p>Pilno pad\u0117klo svoris 500 kg;<\/p>\n","protected":false},"featured_media":2644,"template":"","meta":[],"product_brand":[],"product_cat":[98],"product_tag":[],"class_list":{"0":"post-2375","1":"product","2":"type-product","3":"status-publish","4":"has-post-thumbnail","6":"product_cat-krosneles","8":"first","9":"instock","10":"shipping-taxable","11":"purchasable","12":"product-type-variable"},"_links":{"self":[{"href":"https:\/\/hottubline.eu\/lt\/wp-json\/wp\/v2\/product\/2375","targetHints":{"allow":["GET"]}}],"collection":[{"href":"https:\/\/hottubline.eu\/lt\/wp-json\/wp\/v2\/product"}],"about":[{"href":"https:\/\/hottubline.eu\/lt\/wp-json\/wp\/v2\/types\/product"}],"version-history":[{"count":12,"href":"https:\/\/hottubline.eu\/lt\/wp-json\/wp\/v2\/product\/2375\/revisions"}],"predecessor-version":[{"id":2767,"href":"https:\/\/hottubline.eu\/lt\/wp-json\/wp\/v2\/product\/2375\/revisions\/2767"}],"wp:featuredmedia":[{"embeddable":true,"href":"https:\/\/hottubline.eu\/lt\/wp-json\/wp\/v2\/media\/2644"}],"wp:attachment":[{"href":"https:\/\/hottubline.eu\/lt\/wp-json\/wp\/v2\/media?parent=2375"}],"wp:term":[{"taxonomy":"product_brand","embeddable":true,"href":"https:\/\/hottubline.eu\/lt\/wp-json\/wp\/v2\/product_brand?post=2375"},{"taxonomy":"product_cat","embeddable":true,"href":"https:\/\/hottubline.eu\/lt\/wp-json\/wp\/v2\/product_cat?post=2375"},{"taxonomy":"product_tag","embeddable":true,"href":"https:\/\/hottubline.eu\/lt\/wp-json\/wp\/v2\/product_tag?post=2375"}],"curies":[{"name":"wp","href":"https:\/\/api.w.org\/{rel}","templated":true}]}}