{"id":2363,"date":"2025-10-01T16:14:49","date_gmt":"2025-10-01T13:14:49","guid":{"rendered":"https:\/\/hottubline.eu\/produktas\/ofuro\/"},"modified":"2026-01-27T12:05:24","modified_gmt":"2026-01-27T10:05:24","slug":"ofuro","status":"publish","type":"product","link":"https:\/\/hottubline.eu\/lt\/produktas\/ofuro\/","title":{"rendered":"Akrilinis id\u0117klas Ofuro"},"content":{"rendered":"","protected":false},"excerpt":{"rendered":"<p><strong>Parametrai:<\/strong><\/p>\n<ul>\n<li>Vidinis skersmuo: 170 cm x 100 cm;<\/li>\n<li>I\u0161orinis skersmuo: 190 cm x 120 cm;<\/li>\n<li>Gylis: 88 cm;<\/li>\n<li>Suoliuko auk\u0161tis : 30 cm;<\/li>\n<li>Suoliuko plotis : 56 cm;<\/li>\n<\/ul>\n<p>Palet\u0117s i\u0161matavimai \u2013 210 x 140 cm<\/p>\n<p>Maksimalus id\u0117kl\u0173 skai\u010di\u0173s ant palet\u0117s \u2013 9 vnt.<\/p>\n<p>Vieno \u012fd\u0117klo svoris \u2013 45 kg.<\/p>\n<p><strong>Palet\u0117s ir kaladukai laikomi gr\u0105\u017eintina pakuote. Taikomas 150 \u20ac u\u017estatas. <\/strong><\/p>\n","protected":false},"featured_media":2148,"template":"","meta":[],"product_brand":[],"product_cat":[95],"product_tag":[],"class_list":{"0":"post-2363","1":"product","2":"type-product","3":"status-publish","4":"has-post-thumbnail","6":"product_cat-akrilo-ideklai","8":"first","9":"instock","10":"shipping-taxable","11":"purchasable","12":"product-type-variable"},"_links":{"self":[{"href":"https:\/\/hottubline.eu\/lt\/wp-json\/wp\/v2\/product\/2363","targetHints":{"allow":["GET"]}}],"collection":[{"href":"https:\/\/hottubline.eu\/lt\/wp-json\/wp\/v2\/product"}],"about":[{"href":"https:\/\/hottubline.eu\/lt\/wp-json\/wp\/v2\/types\/product"}],"version-history":[{"count":8,"href":"https:\/\/hottubline.eu\/lt\/wp-json\/wp\/v2\/product\/2363\/revisions"}],"predecessor-version":[{"id":3087,"href":"https:\/\/hottubline.eu\/lt\/wp-json\/wp\/v2\/product\/2363\/revisions\/3087"}],"wp:featuredmedia":[{"embeddable":true,"href":"https:\/\/hottubline.eu\/lt\/wp-json\/wp\/v2\/media\/2148"}],"wp:attachment":[{"href":"https:\/\/hottubline.eu\/lt\/wp-json\/wp\/v2\/media?parent=2363"}],"wp:term":[{"taxonomy":"product_brand","embeddable":true,"href":"https:\/\/hottubline.eu\/lt\/wp-json\/wp\/v2\/product_brand?post=2363"},{"taxonomy":"product_cat","embeddable":true,"href":"https:\/\/hottubline.eu\/lt\/wp-json\/wp\/v2\/product_cat?post=2363"},{"taxonomy":"product_tag","embeddable":true,"href":"https:\/\/hottubline.eu\/lt\/wp-json\/wp\/v2\/product_tag?post=2363"}],"curies":[{"name":"wp","href":"https:\/\/api.w.org\/{rel}","templated":true}]}}