{"id":2333,"date":"2025-10-01T16:02:19","date_gmt":"2025-10-01T13:02:19","guid":{"rendered":"https:\/\/hottubline.eu\/produktas\/wellness-for-external-oven\/"},"modified":"2026-01-27T14:26:33","modified_gmt":"2026-01-27T12:26:33","slug":"wellness-for-external-oven","status":"publish","type":"product","link":"https:\/\/hottubline.eu\/lt\/produktas\/wellness-for-external-oven\/","title":{"rendered":"Akrilinis id\u0117klas Wellness i\u0161orinis"},"content":{"rendered":"","protected":false},"excerpt":{"rendered":"<p><strong>Parametrai:<\/strong><\/p>\n<ul>\n<li>Vidinis skersmuo: 180 cm;<\/li>\n<li>I\u0161orinis skersmuo: 201 cm;<\/li>\n<li>Gylis: 88 cm;<\/li>\n<li>Suoliuko auk\u0161is : 28 cm;<\/li>\n<li>Suoliuko plotis : 40 cm;<\/li>\n<\/ul>\n<p>Palet\u0117s i\u0161matavimai \u2013 225x225cm<\/p>\n<p>Maksimalus id\u0117kl\u0173 skai\u010di\u0173s ant palet\u0117s \u2013 9 pcs.<\/p>\n<p>Vieno id\u0117klo svoris \u2013 55kg.<\/p>\n<p>&nbsp;<\/p>\n<p><strong>Palet\u0117s ir kaladukai laikomi gr\u0105\u017eintina pakuote. Taikomas 150 \u20ac u\u017estatas.<\/strong><\/p>\n<p>&nbsp;<\/p>\n","protected":false},"featured_media":2128,"template":"","meta":[],"product_brand":[],"product_cat":[95],"product_tag":[],"class_list":{"0":"post-2333","1":"product","2":"type-product","3":"status-publish","4":"has-post-thumbnail","6":"product_cat-akrilo-ideklai","8":"first","9":"instock","10":"shipping-taxable","11":"purchasable","12":"product-type-variable"},"_links":{"self":[{"href":"https:\/\/hottubline.eu\/lt\/wp-json\/wp\/v2\/product\/2333","targetHints":{"allow":["GET"]}}],"collection":[{"href":"https:\/\/hottubline.eu\/lt\/wp-json\/wp\/v2\/product"}],"about":[{"href":"https:\/\/hottubline.eu\/lt\/wp-json\/wp\/v2\/types\/product"}],"version-history":[{"count":4,"href":"https:\/\/hottubline.eu\/lt\/wp-json\/wp\/v2\/product\/2333\/revisions"}],"predecessor-version":[{"id":3169,"href":"https:\/\/hottubline.eu\/lt\/wp-json\/wp\/v2\/product\/2333\/revisions\/3169"}],"wp:featuredmedia":[{"embeddable":true,"href":"https:\/\/hottubline.eu\/lt\/wp-json\/wp\/v2\/media\/2128"}],"wp:attachment":[{"href":"https:\/\/hottubline.eu\/lt\/wp-json\/wp\/v2\/media?parent=2333"}],"wp:term":[{"taxonomy":"product_brand","embeddable":true,"href":"https:\/\/hottubline.eu\/lt\/wp-json\/wp\/v2\/product_brand?post=2333"},{"taxonomy":"product_cat","embeddable":true,"href":"https:\/\/hottubline.eu\/lt\/wp-json\/wp\/v2\/product_cat?post=2333"},{"taxonomy":"product_tag","embeddable":true,"href":"https:\/\/hottubline.eu\/lt\/wp-json\/wp\/v2\/product_tag?post=2333"}],"curies":[{"name":"wp","href":"https:\/\/api.w.org\/{rel}","templated":true}]}}