{"id":2328,"date":"2025-10-01T15:55:57","date_gmt":"2025-10-01T12:55:57","guid":{"rendered":"https:\/\/hottubline.eu\/produktas\/arylic-insert-for-integrated-oven-deluxe\/"},"modified":"2026-01-27T14:39:11","modified_gmt":"2026-01-27T12:39:11","slug":"arylic-insert-for-integrated-oven-deluxe","status":"publish","type":"product","link":"https:\/\/hottubline.eu\/lt\/produktas\/arylic-insert-for-integrated-oven-deluxe\/","title":{"rendered":"Akrilinis id\u0117klas Deluxe integruotas"},"content":{"rendered":"","protected":false},"excerpt":{"rendered":"<p>Parametrai:<br \/>\n\u2022 Vidinis skersmuo: 204 cm;<br \/>\n\u2022 I\u0161orinis skersmuo: 223 cm;<br \/>\n\u2022 Suoliuko auk\u0161tis : 27 cm;<br \/>\n\u2022 Gylis: 88 cm;<br \/>\n\u2022 Suoliuko plotis : 36 cm;<\/p>\n<p>Palet\u0117s i\u0161matavimai \u2013 225x225cm<\/p>\n<p>Maksimalus id\u0117kl\u0173 skai\u010di\u0173s ant palet\u0117s \u2013 8 vnt.<\/p>\n<p>Vieno id\u0117klo svoris \u2013 75kg.<\/p>\n<p>&nbsp;<\/p>\n<p><strong>Palet\u0117s ir kaladukai laikomi gr\u0105\u017eintina pakuote. Taikomas 150 \u20ac u\u017estatas.<\/strong><\/p>\n","protected":false},"featured_media":1457,"template":"","meta":[],"product_brand":[],"product_cat":[95],"product_tag":[],"class_list":{"0":"post-2328","1":"product","2":"type-product","3":"status-publish","4":"has-post-thumbnail","6":"product_cat-akrilo-ideklai","8":"first","9":"instock","10":"shipping-taxable","11":"purchasable","12":"product-type-variable"},"_links":{"self":[{"href":"https:\/\/hottubline.eu\/lt\/wp-json\/wp\/v2\/product\/2328","targetHints":{"allow":["GET"]}}],"collection":[{"href":"https:\/\/hottubline.eu\/lt\/wp-json\/wp\/v2\/product"}],"about":[{"href":"https:\/\/hottubline.eu\/lt\/wp-json\/wp\/v2\/types\/product"}],"version-history":[{"count":8,"href":"https:\/\/hottubline.eu\/lt\/wp-json\/wp\/v2\/product\/2328\/revisions"}],"predecessor-version":[{"id":3193,"href":"https:\/\/hottubline.eu\/lt\/wp-json\/wp\/v2\/product\/2328\/revisions\/3193"}],"wp:featuredmedia":[{"embeddable":true,"href":"https:\/\/hottubline.eu\/lt\/wp-json\/wp\/v2\/media\/1457"}],"wp:attachment":[{"href":"https:\/\/hottubline.eu\/lt\/wp-json\/wp\/v2\/media?parent=2328"}],"wp:term":[{"taxonomy":"product_brand","embeddable":true,"href":"https:\/\/hottubline.eu\/lt\/wp-json\/wp\/v2\/product_brand?post=2328"},{"taxonomy":"product_cat","embeddable":true,"href":"https:\/\/hottubline.eu\/lt\/wp-json\/wp\/v2\/product_cat?post=2328"},{"taxonomy":"product_tag","embeddable":true,"href":"https:\/\/hottubline.eu\/lt\/wp-json\/wp\/v2\/product_tag?post=2328"}],"curies":[{"name":"wp","href":"https:\/\/api.w.org\/{rel}","templated":true}]}}