{"id":2233,"date":"2025-10-01T16:00:29","date_gmt":"2025-10-01T13:00:29","guid":{"rendered":"https:\/\/hottubline.eu\/produktas\/square-for-integrated-oven\/"},"modified":"2026-01-27T14:12:31","modified_gmt":"2026-01-27T12:12:31","slug":"square-for-integrated-oven","status":"publish","type":"product","link":"https:\/\/hottubline.eu\/lt\/produktas\/square-for-integrated-oven\/","title":{"rendered":"Akrilinis id\u0117klas Kvadratas integruotas"},"content":{"rendered":"","protected":false},"excerpt":{"rendered":"<p><strong>Parametrai:<\/strong><\/p>\n<ul>\n<li>Vidinis diametras: 180 cm x 180 cm;<\/li>\n<li>I\u0161orinis diametras: 202 cm x 202 cm;<\/li>\n<li>Gylis: 88 cm;<\/li>\n<li>Suoliuko auk\u0161is : 28 cm;<\/li>\n<li>Suoliuko plotis : 40 cm;<\/li>\n<\/ul>\n<p>Palet\u0117s i\u0161matavimai \u2013 225x225cm<\/p>\n<p>Maksimalus id\u0117kl\u0173 skai\u010di\u0173s ant palet\u0117s \u2013 8 vnt.<\/p>\n<p>Vieno id\u0117klo svoris \u2013 65kg.<\/p>\n<p>&nbsp;<\/p>\n<p><strong>Palet\u0117s ir kaladukai laikomi gr\u0105\u017eintina pakuote. Taikomas 150 \u20ac u\u017estatas.<\/strong><\/p>\n","protected":false},"featured_media":2117,"template":"","meta":[],"product_brand":[],"product_cat":[95],"product_tag":[],"class_list":{"0":"post-2233","1":"product","2":"type-product","3":"status-publish","4":"has-post-thumbnail","6":"product_cat-akrilo-ideklai","8":"first","9":"instock","10":"shipping-taxable","11":"purchasable","12":"product-type-variable"},"_links":{"self":[{"href":"https:\/\/hottubline.eu\/lt\/wp-json\/wp\/v2\/product\/2233","targetHints":{"allow":["GET"]}}],"collection":[{"href":"https:\/\/hottubline.eu\/lt\/wp-json\/wp\/v2\/product"}],"about":[{"href":"https:\/\/hottubline.eu\/lt\/wp-json\/wp\/v2\/types\/product"}],"version-history":[{"count":12,"href":"https:\/\/hottubline.eu\/lt\/wp-json\/wp\/v2\/product\/2233\/revisions"}],"predecessor-version":[{"id":3139,"href":"https:\/\/hottubline.eu\/lt\/wp-json\/wp\/v2\/product\/2233\/revisions\/3139"}],"wp:featuredmedia":[{"embeddable":true,"href":"https:\/\/hottubline.eu\/lt\/wp-json\/wp\/v2\/media\/2117"}],"wp:attachment":[{"href":"https:\/\/hottubline.eu\/lt\/wp-json\/wp\/v2\/media?parent=2233"}],"wp:term":[{"taxonomy":"product_brand","embeddable":true,"href":"https:\/\/hottubline.eu\/lt\/wp-json\/wp\/v2\/product_brand?post=2233"},{"taxonomy":"product_cat","embeddable":true,"href":"https:\/\/hottubline.eu\/lt\/wp-json\/wp\/v2\/product_cat?post=2233"},{"taxonomy":"product_tag","embeddable":true,"href":"https:\/\/hottubline.eu\/lt\/wp-json\/wp\/v2\/product_tag?post=2233"}],"curies":[{"name":"wp","href":"https:\/\/api.w.org\/{rel}","templated":true}]}}