{"id":2074,"date":"2025-10-01T15:02:54","date_gmt":"2025-10-01T12:02:54","guid":{"rendered":"https:\/\/hottubline.eu\/produktas\/square-with-bed-acrylic-insert\/"},"modified":"2026-01-27T14:16:31","modified_gmt":"2026-01-27T12:16:31","slug":"square-with-bed-acrylic-insert","status":"publish","type":"product","link":"https:\/\/hottubline.eu\/lt\/produktas\/square-with-bed-acrylic-insert\/","title":{"rendered":"Akrilinis id\u0117klas Kvadratas su gulima vieta"},"content":{"rendered":"<p><b>Pallet dimenssions:<\/b><\/p>\n<p>Pallet height 195cm<\/p>\n<p>Pallet width 220x220cm<\/p>\n","protected":false},"excerpt":{"rendered":"<p>Parametrai:<br \/>\n\u2022 Vidinis skersmuo: 180 cm ;<br \/>\n\u2022 I\u0161orinis skersmuo: 203\u00d7203 cm;<br \/>\n\u2022 Suoliuko auk\u0161tis : 28 cm;<br \/>\n\u2022 Gylis: 92 cm;<br \/>\n\u2022 Suoliuko plotis : 40 cm;<\/p>\n<p>Palet\u0117s i\u0161matavimai \u2013 225x225cm<\/p>\n<p>Maksimalus id\u0117kl\u0173 skai\u010di\u0173s ant palet\u0117s \u2013 8 vnt.<\/p>\n<p>Vieno id\u0117klo svoris \u2013 85kg.<\/p>\n<p>&nbsp;<\/p>\n<p><strong>Palet\u0117s ir kaladukai laikomi gr\u0105\u017eintina pakuote. Taikomas 150 \u20ac u\u017estatas.<\/strong><\/p>\n","protected":false},"featured_media":1972,"template":"","meta":[],"product_brand":[],"product_cat":[95],"product_tag":[],"class_list":{"0":"post-2074","1":"product","2":"type-product","3":"status-publish","4":"has-post-thumbnail","6":"product_cat-akrilo-ideklai","8":"first","9":"instock","10":"shipping-taxable","11":"purchasable","12":"product-type-variable"},"_links":{"self":[{"href":"https:\/\/hottubline.eu\/lt\/wp-json\/wp\/v2\/product\/2074","targetHints":{"allow":["GET"]}}],"collection":[{"href":"https:\/\/hottubline.eu\/lt\/wp-json\/wp\/v2\/product"}],"about":[{"href":"https:\/\/hottubline.eu\/lt\/wp-json\/wp\/v2\/types\/product"}],"version-history":[{"count":8,"href":"https:\/\/hottubline.eu\/lt\/wp-json\/wp\/v2\/product\/2074\/revisions"}],"predecessor-version":[{"id":3149,"href":"https:\/\/hottubline.eu\/lt\/wp-json\/wp\/v2\/product\/2074\/revisions\/3149"}],"wp:featuredmedia":[{"embeddable":true,"href":"https:\/\/hottubline.eu\/lt\/wp-json\/wp\/v2\/media\/1972"}],"wp:attachment":[{"href":"https:\/\/hottubline.eu\/lt\/wp-json\/wp\/v2\/media?parent=2074"}],"wp:term":[{"taxonomy":"product_brand","embeddable":true,"href":"https:\/\/hottubline.eu\/lt\/wp-json\/wp\/v2\/product_brand?post=2074"},{"taxonomy":"product_cat","embeddable":true,"href":"https:\/\/hottubline.eu\/lt\/wp-json\/wp\/v2\/product_cat?post=2074"},{"taxonomy":"product_tag","embeddable":true,"href":"https:\/\/hottubline.eu\/lt\/wp-json\/wp\/v2\/product_tag?post=2074"}],"curies":[{"name":"wp","href":"https:\/\/api.w.org\/{rel}","templated":true}]}}