{"id":1635,"date":"2025-08-20T09:44:44","date_gmt":"2025-08-20T09:44:44","guid":{"rendered":"https:\/\/hottubline.eu\/produktas\/lauko-kubilas-is-akrilo-wellness\/"},"modified":"2026-01-27T14:32:26","modified_gmt":"2026-01-27T12:32:26","slug":"lauko-kubilas-is-akrilo-wellness","status":"publish","type":"product","link":"https:\/\/hottubline.eu\/lt\/produktas\/lauko-kubilas-is-akrilo-wellness\/","title":{"rendered":"Akrilinis id\u0117klas Wellness integruotas"},"content":{"rendered":"<p>Akrilinis id\u0117klas pagamintas i\u0161 vieno akrilo lak\u0161to, kuris kaitinamas, kol pradeda lydytis, o tada u\u017ededamas ant formos. Vakuuminiai siurbliai padeda i\u0161siurbti or\u0105, \u012fstrigus\u012f tarp formos ir akrilo lak\u0161to, tod\u0117l gaunamas lygus ir idealiai suformuotas apvalkalas. Akrilui atv\u0117sus ir sukiet\u0117jus, jis sutvirtinamas nauja Lietuvoje sukurta poliuretano technologija, kad b\u016bt\u0173 u\u017etikrintas papildomas stiprumas ir kubilo izoliacija, tokia pati kaip ir s\u016bkurin\u0117se voniose. Gautas kubilo korpusas yra patvarus, energij\u0105 taupantis ir esteti\u0161kas, be to, jo storis yra apie 12\u201318 mm.<\/p>\n","protected":false},"excerpt":{"rendered":"<p><strong>Parametrai:<\/strong><br \/>\n\u2022 Vidinis skersmuo: 180 cm<br \/>\n\u2022 I\u0161orinis skersmuo: 201 cm<br \/>\n\u2022 suoliuko auk\u0161tis: 28 cm;<br \/>\n\u2022 gylis: 88 cm;<br \/>\n\u2022 suoliuko plotis: 40 cm.<\/p>\n<p>Palet\u0117s i\u0161matavimai \u2013 225x225cm<\/p>\n<p>Maksimalus id\u0117kl\u0173 skai\u010di\u0173s ant palet\u0117s \u2013 9 vnt.<\/p>\n<p>Vieno id\u0117klo svoris \u2013 55 kg.<\/p>\n<p>&nbsp;<\/p>\n<p><strong>Palet\u0117s ir kaladukai laikomi gr\u0105\u017eintina pakuote. Taikomas 150 \u20ac u\u017estatas.<\/strong><\/p>\n","protected":false},"featured_media":1465,"template":"","meta":[],"product_brand":[],"product_cat":[95],"product_tag":[],"class_list":{"0":"post-1635","1":"product","2":"type-product","3":"status-publish","4":"has-post-thumbnail","6":"product_cat-akrilo-ideklai","8":"first","9":"instock","10":"shipping-taxable","11":"purchasable","12":"product-type-variable","13":"has-default-attributes"},"_links":{"self":[{"href":"https:\/\/hottubline.eu\/lt\/wp-json\/wp\/v2\/product\/1635","targetHints":{"allow":["GET"]}}],"collection":[{"href":"https:\/\/hottubline.eu\/lt\/wp-json\/wp\/v2\/product"}],"about":[{"href":"https:\/\/hottubline.eu\/lt\/wp-json\/wp\/v2\/types\/product"}],"version-history":[{"count":9,"href":"https:\/\/hottubline.eu\/lt\/wp-json\/wp\/v2\/product\/1635\/revisions"}],"predecessor-version":[{"id":3182,"href":"https:\/\/hottubline.eu\/lt\/wp-json\/wp\/v2\/product\/1635\/revisions\/3182"}],"wp:featuredmedia":[{"embeddable":true,"href":"https:\/\/hottubline.eu\/lt\/wp-json\/wp\/v2\/media\/1465"}],"wp:attachment":[{"href":"https:\/\/hottubline.eu\/lt\/wp-json\/wp\/v2\/media?parent=1635"}],"wp:term":[{"taxonomy":"product_brand","embeddable":true,"href":"https:\/\/hottubline.eu\/lt\/wp-json\/wp\/v2\/product_brand?post=1635"},{"taxonomy":"product_cat","embeddable":true,"href":"https:\/\/hottubline.eu\/lt\/wp-json\/wp\/v2\/product_cat?post=1635"},{"taxonomy":"product_tag","embeddable":true,"href":"https:\/\/hottubline.eu\/lt\/wp-json\/wp\/v2\/product_tag?post=1635"}],"curies":[{"name":"wp","href":"https:\/\/api.w.org\/{rel}","templated":true}]}}