{"id":1634,"date":"2025-08-20T12:39:10","date_gmt":"2025-08-20T12:39:10","guid":{"rendered":"https:\/\/hottubline.eu\/produktas\/isorine-kubilo-krosnele-30-kw\/"},"modified":"2026-01-22T08:49:12","modified_gmt":"2026-01-22T06:49:12","slug":"isorine-kubilo-krosnele-30-kw","status":"publish","type":"product","link":"https:\/\/hottubline.eu\/lt\/produktas\/isorine-kubilo-krosnele-30-kw\/","title":{"rendered":"I\u0161orin\u0117 krosnel\u0117 30 kW"},"content":{"rendered":"<p>Krosnel\u0117s pagamintos i\u0161 ner\u016bdijan\u010dio plieno.<\/p>\n<p><strong>Komplektacija:<\/strong><\/p>\n<ul>\n<li>Krosnel\u0117, galia 30kw;<\/li>\n<li>2m auk\u0161\u010dio kaminas;<\/li>\n<li>Kamino kepur\u0117l\u0117;<\/li>\n<li>Pajungimo \u017earnos 160cm;<\/li>\n<li>Chamutai;<\/li>\n<li>\u0160pi\u017ein\u0117s grotel\u0117s;<\/li>\n<li>Krosnel\u0117s flan\u0161ai;<\/li>\n<\/ul>\n<p><strong>Krosnel\u0117s parametrai:<\/strong><\/p>\n<ul>\n<li>Auk\u0161tis 680mm;<\/li>\n<li>Plotis 500mm;<\/li>\n<li>Ilgis 950mm;<\/li>\n<li>Pakuros plotis 410mm;<\/li>\n<li>Pakuros gylis 540mm;<\/li>\n<\/ul>\n<p>Krosnel\u0117s svoris 73 kg.;<\/p>\n<p>Maksimalus kiekis ant palet\u0117s 8 vnt.;<\/p>\n<p>Visos palet\u0117s svoris 600 kg;<\/p>\n","protected":false},"excerpt":{"rendered":"<p>Krosnel\u0117s pagamintos i\u0161 ner\u016bdijan\u010dio plieno.<\/p>\n<p><strong>Komplektacija:<\/strong><\/p>\n<ul>\n<li>Krosnel\u0117, galingumas 30kw;<\/li>\n<li>2 m auk\u0161\u010dio kaminas;<\/li>\n<li>Kamino kepur\u0117;<\/li>\n<li>Prijungimo \u017earnos 160 cm;<\/li>\n<li>Chamutai;<\/li>\n<li>Ketaus grotel\u0117s;<\/li>\n<li>Krosnel\u0117s flan\u0161ai;<\/li>\n<\/ul>\n<p><strong>Parametrai:<\/strong><\/p>\n<ul>\n<li>Auk\u0161tis 680 mm;<\/li>\n<li>Plotis 500 mm;<\/li>\n<li>Ilgis 950 mm;<\/li>\n<li>Pak\u016bros plotis 410mm;<\/li>\n<li>Pak\u016bros gylis 540mm;<\/li>\n<\/ul>\n<p>Krosnel\u0117s svoris 73kg.;<\/p>\n<p>Maksimalus kiekis ant palet\u0117s 8 vnt.;<\/p>\n<p>Visos palet\u0117s svoris 600 kg;<\/p>\n","protected":false},"featured_media":2427,"template":"","meta":[],"product_brand":[],"product_cat":[98],"product_tag":[],"class_list":{"0":"post-1634","1":"product","2":"type-product","3":"status-publish","4":"has-post-thumbnail","6":"product_cat-krosneles","8":"first","9":"instock","10":"shipping-taxable","11":"purchasable","12":"product-type-variable"},"_links":{"self":[{"href":"https:\/\/hottubline.eu\/lt\/wp-json\/wp\/v2\/product\/1634","targetHints":{"allow":["GET"]}}],"collection":[{"href":"https:\/\/hottubline.eu\/lt\/wp-json\/wp\/v2\/product"}],"about":[{"href":"https:\/\/hottubline.eu\/lt\/wp-json\/wp\/v2\/types\/product"}],"version-history":[{"count":14,"href":"https:\/\/hottubline.eu\/lt\/wp-json\/wp\/v2\/product\/1634\/revisions"}],"predecessor-version":[{"id":2788,"href":"https:\/\/hottubline.eu\/lt\/wp-json\/wp\/v2\/product\/1634\/revisions\/2788"}],"wp:featuredmedia":[{"embeddable":true,"href":"https:\/\/hottubline.eu\/lt\/wp-json\/wp\/v2\/media\/2427"}],"wp:attachment":[{"href":"https:\/\/hottubline.eu\/lt\/wp-json\/wp\/v2\/media?parent=1634"}],"wp:term":[{"taxonomy":"product_brand","embeddable":true,"href":"https:\/\/hottubline.eu\/lt\/wp-json\/wp\/v2\/product_brand?post=1634"},{"taxonomy":"product_cat","embeddable":true,"href":"https:\/\/hottubline.eu\/lt\/wp-json\/wp\/v2\/product_cat?post=1634"},{"taxonomy":"product_tag","embeddable":true,"href":"https:\/\/hottubline.eu\/lt\/wp-json\/wp\/v2\/product_tag?post=1634"}],"curies":[{"name":"wp","href":"https:\/\/api.w.org\/{rel}","templated":true}]}}