{"id":1667,"date":"2025-08-20T08:10:50","date_gmt":"2025-08-20T05:10:50","guid":{"rendered":"https:\/\/hottubline.eu\/privacy-policy\/"},"modified":"2025-09-04T13:44:43","modified_gmt":"2025-09-04T10:44:43","slug":"privatumo-politika","status":"publish","type":"page","link":"https:\/\/hottubline.eu\/lt\/privatumo-politika\/","title":{"rendered":"Privatumo politika"},"content":{"rendered":"<p><strong>I. <\/strong><strong>S\u0105vokos<\/strong><\/p>\n<p>1.1.\u00a0<strong>Pardav\u0117jas<\/strong>\u00a0\u2013UAB \u201eKubil\u0173 pasaulis\u201c juridinio asmens kodas 304423513, PVM mok\u0117tojo kodas LT100010536010, registruotos buvein\u0117s adresas Pramon\u0117s 7a, Virgaini\u0173 k. Raseini\u0173 raj.. LT-60340.<br \/>\n1.2.\u00a0<strong>Pirk\u0117jas<\/strong>\u00a0\u2013 elektronin\u0117je parduotuv\u0117je\u00a0<u>www.kubilupasaulis.lt<\/u>\u00a0prekes \u012fsigyjantis 1) veiksnus fizinis asmuo, t. y. asmuo, sulauk\u0119s pilnametyst\u0117s, kurio veiksnumas n\u0117ra apribotas ir kuris n\u0117ra pripa\u017eintas neveiksniu teismo tvarka arba nepilnametis asmuo, kuris teismo tvarka yra emancipuotas; 2) nepilnametis asmuo nuo keturiolikos iki a\u0161tuoniolikos met\u0173 am\u017eiaus, kuris turi t\u0117v\u0173 arba r\u016bpintoj\u0173 sutikim\u0105 sudaryti sandor\u012f; 3) juridinis asmuo.<br \/>\n1.3.\u00a0<u>www.kubilupasaulis.lt<\/u>\u00a0\u2013 elektronin\u0117 parduotuv\u0117, esanti internete adresu\u00a0<u>www.kubilupasaulis.lt.<\/u><br \/>\n1.4.\u00a0<strong>Asmens duomenys<\/strong>\u00a0\u2013 taip, kaip juos apibr\u0117\u017eia Lietuvos Respublikos asmens duomen\u0173 teisin\u0117s apsaugos \u012fstatymas, o b\u016btent: bet kuri informacija, susijusi su fiziniu asmeniu \u2013 duomen\u0173 subjektu, kurio tapatyb\u0117 yra \u017einoma arba gali b\u016bti tiesiogiai ar netiesiogiai nustatyta pasinaudojant tokiais duomenimis kaip asmens kodas, vienas arba keli asmeniui b\u016bdingi fizinio, fiziologinio, psichologinio, ekonominio, kult\u016brinio ar socialinio pob\u016bd\u017eio po\u017eymiai.<br \/>\n1.5.\u00a0<strong>Slapukas (ang. Cookies)<\/strong>\u00a0\u2013 nedidelis failas, atsi\u0173stas \u012f \u012frengin\u012f, naudotojui besilankant atitinkamoje interneto svetain\u0117je. Slapuk\u0173 pagalba interneto svetain\u0117 atpa\u017e\u012fsta naudotojo \u012frengin\u012f (pvz., naudotojui kit\u0105 kart\u0105 apsilankius \u0161ioje interneto svetain\u0117je). Slapukai gali b\u016bti naudojami siekiant \u201esekti\u201c naudotoj\u0105, jo elges\u012f, \u012fpro\u010dius internete ir taip sukurti jo profil\u012f.<br \/>\n1.6.\u00a0<strong>Taisykl\u0117s<\/strong>\u00a0\u2013 Pardav\u0117jo patvirtintos preki\u0173 pirkimo \u2013 pardavimo elektronin\u0117je parduotuv\u0117je\u00a0<u>www.kubilupasaulis.lt<\/u>\u00a0taisykl\u0117s, vie\u0161ai skelbiamos interneto svetain\u0117je\u00a0<u>www.kubilupasaulis.lt.<\/u><br \/>\n1.7.<strong>\u00a0Privatumo politika<\/strong>\u00a0\u2013 \u0161i elektronin\u0117s parduotuv\u0117s\u00a0<u>www.kubilupasaulis.lt<\/u>\u00a0privatumo politika.<\/p>\n<p><strong>II. Bendrosios nuostatos<\/strong><\/p>\n<p>2.1. \u0160i elektronin\u0117s parduotuv\u0117s\u00a0<u>www.kubilupasaulis.lt<\/u>\u00a0privatumo politika nustato pagrindinius asmens duomen\u0173 rinkimo, tvarkymo ir saugojimo principus bei tvark\u0105.<br \/>\n2.2. Asmens duomen\u0173 rinkim\u0105, tvarkym\u0105 ir saugojim\u0105 nustato \u0161i privatumo politika, Lietuvos Respublikos Asmens duomen\u0173 teisin\u0117s apsaugos \u012fstatymas, Lietuvos Respublikos elektronini\u0173 ry\u0161i\u0173 \u012fstatymas ir kiti teis\u0117s aktai.<br \/>\n2.3. Pirk\u0117jas elektronin\u0117je parduotuv\u0117je nurodydami savo asmens duomenis, patvirtina, kad sutinka, jog Pardav\u0117jas juos valdyt\u0173 ir tvarkyt\u0173 \u0161ioje privatumo politikoje bei teis\u0117s aktuose numatytais tikslais, priemon\u0117mis ir tvarka.<br \/>\n2.4. Pardav\u0117jas vadovaujasi \u0161iais pagrindiniais asmens duomen\u0173 tvarkymo principais:<\/p>\n<ul>\n<li>Asmens duomenys renkami apibr\u0117\u017etais ir teis\u0117tais tikslais.<\/li>\n<li>Asmens duomenys tvarkomi tiksliai ir s\u0105\u017einingai<\/li>\n<li>Asmens duomenys tvarkomi teis\u0117tai.<\/li>\n<\/ul>\n<p>2.5. Pardav\u0117jas gerbia kiekvieno Pirk\u0117jo privatum\u0105, tod\u0117l bet kokie Pirk\u0117jo asmens duomenys (vardas, pavard\u0117, am\u017eiaus grup\u0117, \u00a0adresas, telefono numeris, elektroninio pa\u0161to adresas ir kita elektronin\u0117s parduotuv\u0117s\u00a0<u>www.kubilupasaulis.lt<\/u>\u00a0registracijos ar u\u017esakymo formoje nurodyta informacija) renkami ir tvarkomi \u0161iems tikslams:<\/p>\n<ul>\n<li>apdoroti preki\u0173 u\u017esakymus;<\/li>\n<li>i\u0161ra\u0161yti finansinius dokumentus (pvz., s\u0105skaitas fakt\u016bras);<\/li>\n<li>spr\u0119sti problemas, susijusias su preki\u0173 pateikimu ar pristatymu;<\/li>\n<li>vykdyti kitus sutartinius \u012fsipareigojimus;<\/li>\n<li>tiesiogin\u0117s rinkodaros tikslais.<\/li>\n<\/ul>\n<p>2.6. Asmens duomenys nuolat atnaujinami ir saugojami ne ilgiau nei to reikalauja nustatyti duomen\u0173 tvarkymo tikslai.<br \/>\n2.7. Visa informacija apie tvarkomus asmens duomenis yra konfidenciali. Pardav\u0117jas gerbia Pirk\u0117jo privatum\u0105 ir bet kokie asmens duomenys, o taip pat bet kokia kita informacija, susijusi su Pirk\u0117jo \u012fsigytomis prek\u0117mis elektronin\u0117je parduotuv\u0117je\u00a0<u>www.kubilupasaulis.lt<\/u>\u00a0Pardav\u0117jo negali b\u016bti atskleid\u017eiama jokiems tretiesiems asmenims, i\u0161skyrus atvejus kai tai padaryti Pardav\u0117j\u0105 \u012fpareigoja teis\u0117s aktai arba teismo reikalavimas.<br \/>\n2.8. Pardav\u0117jas turi teis\u0119 statistiniais tikslais naudoti su Pirk\u0117ju tiesiogiai nesusijusius duomenis, t. y. duomenis apie \u012fsigytas prekes. Tokie statistiniai duomenys gali b\u016bti renkami ir tvarkomi taip, kad neleist\u0173 atskleisti Pirk\u0117jo asmens tapatyb\u0117s arba kit\u0173 asmens duomen\u0173, pagal kuriuos b\u016bt\u0173 galima nustatyti asmens tapatyb\u0119.<br \/>\n<strong>III. Slapukai (ang. Cookies)<\/strong><\/p>\n<p>3.1. Elektronin\u0117je parduotuv\u0117je\u00a0<u>www.kubilupasaulis.lt<\/u>\u00a0yra naudojami slapukai (ang. Cookies).<br \/>\n3.2. Pirk\u0117jui pirm\u0105 kart\u0105 apsilankius elektronin\u0117je parduotuv\u0117je\u00a0<u>www.kubilupasaulis.lt<\/u>, slapukai (ang. Cookies) perkeliami \u012f Pirk\u0117jo kompiuter\u012f ar kit\u0105 \u012frengin\u012f, i\u0161 kurio naudojamasi elektronine parduotuve, ir v\u0117liau naudojami identifikavimui. Tai \u012fprasta nar\u0161ymo tinklalapiuose praktika, kuri palengvina Pirk\u0117jo nar\u0161ym\u0105 jau lankytame tinklalapyje ir supaprastina prieig\u0105 prie skelbiamos informacijos. Dauguma tinklo nar\u0161ykli\u0173 priima slapukus (ang. Cookies), ta\u010diau Pirk\u0117jui nepageidaujant gauti slapuk\u0173 (ang. Cookies), galima pakeisti savo interneto nar\u0161ykl\u0117s nustatym\u0105 taip, kad slapukai (ang. Cookies)\u00a0 neb\u016bt\u0173 priimami. Tokiu atveju informuojame, kad kai kurios elektronin\u0117s parduotuv\u0117s\u00a0<u>www.kubilupasaulis.lt<\/u>\u00a0funkcijos gali neveikti.<br \/>\n3.3. Pardav\u0117jas informuoja, kad naudojant slapukus (ang. Cookies) automati\u0161kai fiksuojami tinklalapio lankomumo duomenys: informacija, kiek lankytoj\u0173 apsilank\u0117, koks yra lankytoj\u0173 interneto paslaug\u0173 teik\u0117jo serverio srities (domeno) pavadinimas, kokia informacija da\u017eniau skaitoma ir pan. Tai padeda Pardav\u0117jui suprasti, kaip lankytojai naudojasi tinklalapiu, ir suteikia galimyb\u0119 gerinti teikiamas paslaugas, supaprastinti informacijos pasiekiamum\u0105.<\/p>\n<p><strong>IV. Baigiamosios nuostatos<\/strong><\/p>\n<p>4.1. Pardav\u0117jas turi teis\u0119 bet kada savo nuo\u017ei\u016bra koreguoti ar pakeisti Privatumo politik\u0105. Pardav\u0117jui pakoregavus ar pakeitus Privatumo politik\u0105 nauja ar koreguota Privatumo politikos redakcija \u012fsigalioja j\u0105 paskelbus\u00a0<u>www.kubilupasaulis.lt<\/u>. Pirk\u0117jas privalo kiekvien\u0105 kart\u0105 prie\u0161 pirkdamas elektronin\u0117je parduotuv\u0117je\u00a0<u>www.kubilupasaulis.lt<\/u>\u00a0per\u017ei\u016br\u0117ti, ar n\u0117ra paskelbta nauja ar koreguota Privatumo politikos redakcija ir su ja susipa\u017einti. Kiekvien\u0105 kart\u0105 Pirk\u0117jui perkant prekes elektronin\u0117je parduotuv\u0117je\u00a0<u>www.kubilupasaulis.lt\u00a0<\/u>yra laikoma, kad Pirk\u0117jas susipa\u017eino su naujausia paskelbta Privatumo politikos redakcija ir sutinka pirkti vadovaujantis naujausia Privatumo politikos redakcija. Privatumo politikos papildymai ar pakeitimai \u012fsigalioja nuo j\u0173 paskelbimo dienos.<\/p>\n","protected":false},"excerpt":{"rendered":"<p>I. S\u0105vokos 1.1.\u00a0Pardav\u0117jas\u00a0\u2013UAB \u201eKubil\u0173 pasaulis\u201c juridinio asmens kodas 304423513, PVM mok\u0117tojo kodas LT100010536010, registruotos buvein\u0117s adresas Pramon\u0117s 7a, Virgaini\u0173 k.<\/p>\n","protected":false},"author":5,"featured_media":0,"parent":0,"menu_order":0,"comment_status":"closed","ping_status":"open","template":"","meta":{"footnotes":""},"class_list":["post-1667","page","type-page","status-publish","hentry"],"_links":{"self":[{"href":"https:\/\/hottubline.eu\/lt\/wp-json\/wp\/v2\/pages\/1667","targetHints":{"allow":["GET"]}}],"collection":[{"href":"https:\/\/hottubline.eu\/lt\/wp-json\/wp\/v2\/pages"}],"about":[{"href":"https:\/\/hottubline.eu\/lt\/wp-json\/wp\/v2\/types\/page"}],"author":[{"embeddable":true,"href":"https:\/\/hottubline.eu\/lt\/wp-json\/wp\/v2\/users\/5"}],"replies":[{"embeddable":true,"href":"https:\/\/hottubline.eu\/lt\/wp-json\/wp\/v2\/comments?post=1667"}],"version-history":[{"count":2,"href":"https:\/\/hottubline.eu\/lt\/wp-json\/wp\/v2\/pages\/1667\/revisions"}],"predecessor-version":[{"id":1811,"href":"https:\/\/hottubline.eu\/lt\/wp-json\/wp\/v2\/pages\/1667\/revisions\/1811"}],"wp:attachment":[{"href":"https:\/\/hottubline.eu\/lt\/wp-json\/wp\/v2\/media?parent=1667"}],"curies":[{"name":"wp","href":"https:\/\/api.w.org\/{rel}","templated":true}]}}