{"id":1632,"date":"2024-03-22T12:32:07","date_gmt":"2024-03-22T10:32:07","guid":{"rendered":"https:\/\/hottubline.eu\/apie-mus\/"},"modified":"2025-08-27T01:09:14","modified_gmt":"2025-08-26T22:09:14","slug":"apie-mus","status":"publish","type":"page","link":"https:\/\/hottubline.eu\/lt\/apie-mus\/","title":{"rendered":"Apie mus"},"content":{"rendered":"\t\t<div data-elementor-type=\"wp-page\" data-elementor-id=\"1632\" class=\"elementor elementor-1632 elementor-512\">\n\t\t\t\t<div class=\"wd-negative-gap elementor-element elementor-element-4a5f32b e-flex e-con-boxed e-con e-parent\" data-id=\"4a5f32b\" data-element_type=\"container\">\n\t\t\t\t\t<div class=\"e-con-inner\">\n\t\t<div class=\"elementor-element elementor-element-8939698 e-con-full e-flex e-con e-child\" data-id=\"8939698\" data-element_type=\"container\">\n\t\t\t\t<div class=\"elementor-element elementor-element-249cb4c wd-width-100 elementor-widget elementor-widget-wd_title\" data-id=\"249cb4c\" data-element_type=\"widget\" data-widget_type=\"wd_title.default\">\n\t\t\t\t<div class=\"elementor-widget-container\">\n\t\t\t\t\t\t\t<div class=\"title-wrapper wd-set-mb reset-last-child wd-title-color-default wd-title-style-default wd-title-size-small text-left\">\n\n\t\t\t\n\t\t\t<div class=\"liner-continer\">\n\t\t\t\t<h5 class=\"woodmart-title-container title wd-fontsize-m wd-underline-colored\"><u>Kubilu Pasaulis<\/u> \u2013 did\u017eiausias kubil\u0173 gamintojas Lietuvoje<\/h5> \n\t\t\t\t\t\t\t<\/div>\n\n\t\t\t\t\t<\/div>\n\t\t\t\t\t\t<\/div>\n\t\t\t\t<\/div>\n\t\t\t\t<\/div>\n\t\t<div class=\"elementor-element elementor-element-05fa8d8 e-con-full e-flex e-con e-child\" data-id=\"05fa8d8\" data-element_type=\"container\">\n\t\t\t\t<div class=\"elementor-element elementor-element-faede00 elementor-widget elementor-widget-wd_text_block\" data-id=\"faede00\" data-element_type=\"widget\" data-widget_type=\"wd_text_block.default\">\n\t\t\t\t<div class=\"elementor-widget-container\">\n\t\t\t\t\t\t\t<div class=\"wd-text-block reset-last-child text-left\">\n\t\t\t\n\t\t\t<p>Mes esame lauko kubil\u0173 gamintojai. Turime daugiau nei 5 met\u0173 patirt\u012f \u0161ioje srityje. Mes dirbame su daugybe \u012fmoni\u0173, bei priva\u010di\u0173 pirk\u0117j\u0173 Europoje, kurie yra patenkinti m\u016bs\u0173 atliktu darbu, tai puikiai \u012frodo pirk\u0117j\u0173 atsiliepimai m\u016bs\u0173 svetain\u0117je ir Facebook paskyroje. Kubil\u0173 gamyboje naudojame naujas ir modernias technologijas, ta\u010diau visi kubilai yra surinkti specialist\u0173 rankomis. Visi m\u016bs\u0173 pagaminti lauko kubilai yra testuojami su vandeniu bei kitaip patikrinami prie\u0161 pristatant prek\u0119 pirk\u0117jui.<\/p>\n\t\t\t\t\t<\/div>\n\t\t\t\t\t\t<\/div>\n\t\t\t\t<\/div>\n\t\t\t\t<\/div>\n\t\t\t\t\t<\/div>\n\t\t\t\t<\/div>\n\t\t<div class=\"wd-negative-gap elementor-element elementor-element-0e49826 wd-section-stretch e-flex e-con-boxed e-con e-parent\" data-id=\"0e49826\" data-element_type=\"container\" data-settings=\"{&quot;background_background&quot;:&quot;classic&quot;}\">\n\t\t\t\t\t<div class=\"e-con-inner\">\n\t\t\t\t<div class=\"elementor-element elementor-element-66262d6 wd-width-100 elementor-widget elementor-widget-wd_images_gallery\" data-id=\"66262d6\" data-element_type=\"widget\" data-widget_type=\"wd_images_gallery.default\">\n\t\t\t\t<div class=\"elementor-widget-container\">\n\t\t\t\t\t\t\t<div class=\"wd-images-gallery photoswipe-images\" style=\"--wd-align-items:center; --wd-justify-content:center;\">\n\t\t\t\t\t\t<div class=\"wd-grid-g\" style=\"--wd-col-lg:3;--wd-col-md:3;--wd-col-sm:1;--wd-gap-lg:10px;\" >\n\t\t\t\t\t\t\t\t\t\t\t\t\t\t\t\t\t\t<div class=\"wd-gallery-item wd-col\">\n\t\t\t\t\t\t\t\t\t\t\t\t\t<a  href=\"https:\/\/hottubline.eu\/wp-content\/uploads\/2025\/08\/20170720_092406.webp\" data-width=\"899\" data-height=\"506\" data-index=\"1\" data-elementor-open-lightbox=\"no\">\n\t\t\t\t\t\t\n\t\t\t\t\t\t<img fetchpriority=\"high\" decoding=\"async\" width=\"899\" height=\"506\" src=\"https:\/\/hottubline.eu\/wp-content\/uploads\/2025\/08\/20170720_092406.webp\" class=\"attachment-large size-large\" alt=\"20170720_092406\" srcset=\"https:\/\/hottubline.eu\/wp-content\/uploads\/2025\/08\/20170720_092406.webp 899w, https:\/\/hottubline.eu\/wp-content\/uploads\/2025\/08\/20170720_092406-300x169.webp 300w, https:\/\/hottubline.eu\/wp-content\/uploads\/2025\/08\/20170720_092406-768x432.webp 768w, https:\/\/hottubline.eu\/wp-content\/uploads\/2025\/08\/20170720_092406-150x84.webp 150w\" sizes=\"(max-width: 899px) 100vw, 899px\" \/>\n\t\t\t\t\t\t\t\t\t\t\t\t\t<\/a>\n\t\t\t\t\t\t\t\t\t\t\t<\/div>\n\t\t\t\t\t\t\t\t\t\t\t\t\t\t\t<div class=\"wd-gallery-item wd-col\">\n\t\t\t\t\t\t\t\t\t\t\t\t\t<a  href=\"https:\/\/hottubline.eu\/wp-content\/uploads\/2025\/08\/20170421_132242.webp\" data-width=\"1600\" data-height=\"901\" data-index=\"2\" data-elementor-open-lightbox=\"no\">\n\t\t\t\t\t\t\n\t\t\t\t\t\t<img decoding=\"async\" width=\"1024\" height=\"577\" src=\"https:\/\/hottubline.eu\/wp-content\/uploads\/2025\/08\/20170421_132242-1024x577.webp\" class=\"attachment-large size-large\" alt=\"20170421_132242\" srcset=\"https:\/\/hottubline.eu\/wp-content\/uploads\/2025\/08\/20170421_132242-1024x577.webp 1024w, https:\/\/hottubline.eu\/wp-content\/uploads\/2025\/08\/20170421_132242-300x169.webp 300w, https:\/\/hottubline.eu\/wp-content\/uploads\/2025\/08\/20170421_132242-768x432.webp 768w, https:\/\/hottubline.eu\/wp-content\/uploads\/2025\/08\/20170421_132242-1536x865.webp 1536w, https:\/\/hottubline.eu\/wp-content\/uploads\/2025\/08\/20170421_132242-1200x676.webp 1200w, https:\/\/hottubline.eu\/wp-content\/uploads\/2025\/08\/20170421_132242-150x84.webp 150w, https:\/\/hottubline.eu\/wp-content\/uploads\/2025\/08\/20170421_132242.webp 1600w\" sizes=\"(max-width: 1024px) 100vw, 1024px\" \/>\n\t\t\t\t\t\t\t\t\t\t\t\t\t<\/a>\n\t\t\t\t\t\t\t\t\t\t\t<\/div>\n\t\t\t\t\t\t\t\t\t\t\t\t\t\t\t<div class=\"wd-gallery-item wd-col\">\n\t\t\t\t\t\t\t\t\t\t\t\t\t<a  href=\"https:\/\/hottubline.eu\/wp-content\/uploads\/2025\/08\/20170720_092406.webp\" data-width=\"899\" data-height=\"506\" data-index=\"3\" data-elementor-open-lightbox=\"no\">\n\t\t\t\t\t\t\n\t\t\t\t\t\t<img fetchpriority=\"high\" decoding=\"async\" width=\"899\" height=\"506\" src=\"https:\/\/hottubline.eu\/wp-content\/uploads\/2025\/08\/20170720_092406.webp\" class=\"attachment-large size-large\" alt=\"20170720_092406\" srcset=\"https:\/\/hottubline.eu\/wp-content\/uploads\/2025\/08\/20170720_092406.webp 899w, https:\/\/hottubline.eu\/wp-content\/uploads\/2025\/08\/20170720_092406-300x169.webp 300w, https:\/\/hottubline.eu\/wp-content\/uploads\/2025\/08\/20170720_092406-768x432.webp 768w, https:\/\/hottubline.eu\/wp-content\/uploads\/2025\/08\/20170720_092406-150x84.webp 150w\" sizes=\"(max-width: 899px) 100vw, 899px\" \/>\n\t\t\t\t\t\t\t\t\t\t\t\t\t<\/a>\n\t\t\t\t\t\t\t\t\t\t\t<\/div>\n\t\t\t\t\t\t\t\t\t\t\t\t\t<\/div>\n\t\t\t\t\t<\/div>\n\t\t\t\t\t\t<\/div>\n\t\t\t\t<\/div>\n\t\t\t\t\t<\/div>\n\t\t\t\t<\/div>\n\t\t\t\t<\/div>\n\t\t","protected":false},"excerpt":{"rendered":"<p>Kubilu Pasaulis \u2013 did\u017eiausias kubil\u0173 gamintojas Lietuvoje Mes esame lauko kubil\u0173 gamintojai. Turime daugiau nei 5 met\u0173 patirt\u012f \u0161ioje srityje.<\/p>\n","protected":false},"author":5,"featured_media":0,"parent":0,"menu_order":0,"comment_status":"closed","ping_status":"closed","template":"","meta":{"footnotes":""},"class_list":["post-1632","page","type-page","status-publish","hentry"],"_links":{"self":[{"href":"https:\/\/hottubline.eu\/lt\/wp-json\/wp\/v2\/pages\/1632","targetHints":{"allow":["GET"]}}],"collection":[{"href":"https:\/\/hottubline.eu\/lt\/wp-json\/wp\/v2\/pages"}],"about":[{"href":"https:\/\/hottubline.eu\/lt\/wp-json\/wp\/v2\/types\/page"}],"author":[{"embeddable":true,"href":"https:\/\/hottubline.eu\/lt\/wp-json\/wp\/v2\/users\/5"}],"replies":[{"embeddable":true,"href":"https:\/\/hottubline.eu\/lt\/wp-json\/wp\/v2\/comments?post=1632"}],"version-history":[{"count":8,"href":"https:\/\/hottubline.eu\/lt\/wp-json\/wp\/v2\/pages\/1632\/revisions"}],"predecessor-version":[{"id":1723,"href":"https:\/\/hottubline.eu\/lt\/wp-json\/wp\/v2\/pages\/1632\/revisions\/1723"}],"wp:attachment":[{"href":"https:\/\/hottubline.eu\/lt\/wp-json\/wp\/v2\/media?parent=1632"}],"curies":[{"name":"wp","href":"https:\/\/api.w.org\/{rel}","templated":true}]}}