{"id":1819,"date":"2025-08-20T09:44:44","date_gmt":"2025-08-20T09:44:44","guid":{"rendered":"https:\/\/hottubline.eu\/produktas\/wellness-integrierter-acryleinsatz\/"},"modified":"2026-01-27T14:31:46","modified_gmt":"2026-01-27T12:31:46","slug":"wellness-integrierter-acryleinsatz","status":"publish","type":"product","link":"https:\/\/hottubline.eu\/de\/produkt\/wellness-integrierter-acryleinsatz\/","title":{"rendered":"Acryl Einsatz Wellness integrierter"},"content":{"rendered":"<p>Eine Acrylwannenschale besteht aus einer einzigen Acrylplatte, die erhitzt wird, bis sie zu schmelzen beginnt, und dann \u00fcber die Form gelegt wird. Vakuumpumpen saugen die zwischen Form und Acrylplatte eingeschlossene Luft ab, wodurch eine glatte und perfekt geformte Schale entsteht. Nachdem das Acryl abgek\u00fchlt und ausgeh\u00e4rtet ist, wird es mit einer neuen Polyurethan-Technologie aus Litauen verst\u00e4rkt, um zus\u00e4tzliche Festigkeit und eine Wannenisolierung zu gew\u00e4hrleisten, \u00e4hnlich wie sie in Whirlpools verwendet wird. Der resultierende Wannenk\u00f6rper ist langlebig, energiesparend und \u00e4sthetisch; die Dicke betr\u00e4gt ca. 12\u201318 mm.   <\/p>\n","protected":false},"excerpt":{"rendered":"<p><strong>Parameter:<\/strong><br \/>\n\u2022 Innendurchmesser: 180 cm<br \/>\n\u2022 Au\u00dfendurchmesser: 201 cm<br \/>\n\u2022 Bankh\u00f6he: 28 cm<br \/>\n\u2022 Tiefe: 88 cm<br \/>\n\u2022 Bankbreite: 40 cm.<\/p>\n<p>Palettengr\u00f6\u00dfe: 225 x 225 cm<\/p>\n<p>Maximale Menge pro Palette: 9 St\u00fcck<\/p>\n<p>Gewicht eines Einsatzes: 55 kg<\/p>\n<p>&nbsp;<\/p>\n<p><strong>Paletten und Bl\u00f6cke gelten als Mehrwegverpackungen. Es wird eine Kaution von 150 \u20ac erhoben.<\/strong><\/p>\n","protected":false},"featured_media":1827,"template":"","meta":[],"product_brand":[],"product_cat":[109],"product_tag":[],"class_list":{"0":"post-1819","1":"product","2":"type-product","3":"status-publish","4":"has-post-thumbnail","6":"product_cat-acryl-einsatze","8":"first","9":"instock","10":"shipping-taxable","11":"purchasable","12":"product-type-variable","13":"has-default-attributes"},"_links":{"self":[{"href":"https:\/\/hottubline.eu\/de\/wp-json\/wp\/v2\/product\/1819","targetHints":{"allow":["GET"]}}],"collection":[{"href":"https:\/\/hottubline.eu\/de\/wp-json\/wp\/v2\/product"}],"about":[{"href":"https:\/\/hottubline.eu\/de\/wp-json\/wp\/v2\/types\/product"}],"version-history":[{"count":6,"href":"https:\/\/hottubline.eu\/de\/wp-json\/wp\/v2\/product\/1819\/revisions"}],"predecessor-version":[{"id":3181,"href":"https:\/\/hottubline.eu\/de\/wp-json\/wp\/v2\/product\/1819\/revisions\/3181"}],"wp:featuredmedia":[{"embeddable":true,"href":"https:\/\/hottubline.eu\/de\/wp-json\/wp\/v2\/media\/1827"}],"wp:attachment":[{"href":"https:\/\/hottubline.eu\/de\/wp-json\/wp\/v2\/media?parent=1819"}],"wp:term":[{"taxonomy":"product_brand","embeddable":true,"href":"https:\/\/hottubline.eu\/de\/wp-json\/wp\/v2\/product_brand?post=1819"},{"taxonomy":"product_cat","embeddable":true,"href":"https:\/\/hottubline.eu\/de\/wp-json\/wp\/v2\/product_cat?post=1819"},{"taxonomy":"product_tag","embeddable":true,"href":"https:\/\/hottubline.eu\/de\/wp-json\/wp\/v2\/product_tag?post=1819"}],"curies":[{"name":"wp","href":"https:\/\/api.w.org\/{rel}","templated":true}]}}