{"id":1807,"date":"2025-08-20T08:10:50","date_gmt":"2025-08-20T05:10:50","guid":{"rendered":"https:\/\/hottubline.eu\/privacy-policy\/"},"modified":"2025-09-04T13:44:24","modified_gmt":"2025-09-04T10:44:24","slug":"datenschutzrichtlinie","status":"publish","type":"page","link":"https:\/\/hottubline.eu\/de\/datenschutzrichtlinie\/","title":{"rendered":"Datenschutzrichtlinie"},"content":{"rendered":"<p><strong>I. Begriffe<\/strong><\/p>\n<p>1.1. Verk\u00e4ufer ist die UAB \u201eKubil\u0173 pasaulis\u201c, Rechtsform: 304423513, Umsatzsteuer-Identifikationsnummer: LT100010536010, Gesch\u00e4ftssitz: Pramon\u0117s 7a, Bezirk Virgainiai, Bezirk Raseiniai, LT-60340.<br \/>\n1.2. K\u00e4ufer \u2013 1) eine vollj\u00e4hrige nat\u00fcrliche Person, die Waren im Online-Shop www.kubilupasaulis.lt kauft, d. h. eine vollj\u00e4hrige Person, deren Gesch\u00e4ftsf\u00e4higkeit nicht eingeschr\u00e4nkt ist und die nicht gerichtlich f\u00fcr gesch\u00e4ftsunf\u00e4hig erkl\u00e4rt wurde, oder ein Minderj\u00e4hriger, der gerichtlich f\u00fcr emanzipiert erkl\u00e4rt wurde; 2) ein Minderj\u00e4hriger zwischen 14 und 18 Jahren, der die Zustimmung der Eltern oder Erziehungsberechtigten zum Abschluss des Gesch\u00e4fts hat; 3) eine juristische Person.<br \/>\n1.3. www.kubilupasaulis.lt \u2013 Online-Shop unter www.kubilupasaulis.lt.<br \/>\n1.4. Personenbezogene Daten \u2013 im Sinne des Gesetzes zum Schutz personenbezogener Daten der Republik Litauen, d. h. alle Informationen, die sich auf eine nat\u00fcrliche Person beziehen \u2013 eine betroffene Person, deren Identit\u00e4t bekannt ist oder direkt oder indirekt anhand von Daten wie einer pers\u00f6nlichen Kennung oder einem oder mehreren Merkmalen physischer, physiologischer, psychischer, wirtschaftlicher, kultureller oder sozialer Natur bestimmt werden kann.<br \/>\n1.5. Ein Cookie ist eine kleine Datei, die beim Besuch der entsprechenden Website an das Ger\u00e4t des Nutzers gesendet wird. Mithilfe von Cookies erkennt die Website das Ger\u00e4t des Nutzers (z. B. beim n\u00e4chsten Besuch dieser Website). Cookies k\u00f6nnen verwendet werden, um den Nutzer, sein Verhalten und seine Gewohnheiten im Internet zu verfolgen und so sein Profil zu erstellen.<br \/>\n1.6. Regeln \u2013 die vom Verk\u00e4ufer genehmigten und auf der Website www.kubilupasaulis.lt ver\u00f6ffentlichten Regeln f\u00fcr den Kauf und Verkauf von Waren im Online-Shop www.kubilupasaulis.lt.<br \/>\n1.7 Datenschutzerkl\u00e4rung \u2013 Dies ist die Datenschutzerkl\u00e4rung des Online-Shops www.kubilupasaulis.lt.<\/p>\n<p><strong>II. Allgemeine Bestimmungen<\/strong><\/p>\n<p>2.1 Diese Datenschutzerkl\u00e4rung des Online-Shops www.kubilupasaulis.lt legt die Grunds\u00e4tze und Verfahren f\u00fcr die Erhebung, Verarbeitung und Speicherung personenbezogener Daten fest.<br \/>\n2.2 Die Erhebung, Verarbeitung und Speicherung personenbezogener Daten richtet sich nach dieser Datenschutzerkl\u00e4rung, dem Gesetz zum Schutz personenbezogener Daten der Republik Litauen, dem Gesetz \u00fcber elektronische Kommunikation der Republik Litauen und anderen Rechtsakten.<br \/>\n2.3 Mit der Angabe seiner personenbezogenen Daten im Online-Shop erkl\u00e4rt sich der K\u00e4ufer damit einverstanden, dass der Verk\u00e4ufer diese zu den in dieser Datenschutzerkl\u00e4rung und den Rechtsakten vorgesehenen Zwecken, Mitteln und Verfahren verarbeitet.<br \/>\n2.4 Der Verk\u00e4ufer befolgt bei der Verarbeitung personenbezogener Daten die folgenden Grunds\u00e4tze:<\/p>\n<p>Personenbezogene Daten werden zu festgelegten und rechtm\u00e4\u00dfigen Zwecken erhoben.<br \/>\nPersonenbezogene Daten werden korrekt und fair behandelt.<br \/>\nPersonenbezogene Daten werden rechtm\u00e4\u00dfig verarbeitet.<\/p>\n<p>2.5 Der Verk\u00e4ufer respektiert die Privatsph\u00e4re jedes K\u00e4ufers. Daher werden alle personenbezogenen Daten des K\u00e4ufers (Vor- und Nachname, Altersgruppe, Adresse, Telefonnummer, E-Mail-Adresse und weitere im Registrierungs- oder Bestellformular des Online-Shops www.kubilupasaulis.lt angegebene Informationen) zu folgenden Zwecken erhoben und verarbeitet:<\/p>\n<p>Bearbeitung von Produktbestellungen;<br \/>\nAusstellung von Finanzdokumenten (z. B. Rechnungen);<br \/>\nL\u00f6sung von Problemen im Zusammenhang mit der Pr\u00e4sentation oder Lieferung von Waren;<br \/>\nErf\u00fcllung sonstiger vertraglicher Verpflichtungen;<br \/>\nf\u00fcr Direktmarketingzwecke.<\/p>\n<p>2.6. Personenbezogene Daten werden st\u00e4ndig aktualisiert und nicht l\u00e4nger gespeichert, als es die festgelegten Zwecke der Datenverarbeitung erfordern.<br \/>\n2.7. Alle Informationen \u00fcber verarbeitete personenbezogene Daten sind vertraulich. Der Verk\u00e4ufer respektiert die Privatsph\u00e4re des K\u00e4ufers und alle personenbezogenen Daten sowie alle weiteren Informationen im Zusammenhang mit den vom K\u00e4ufer im Online-Shop www.kubilupasaulis.lt erworbenen Waren. Der Verk\u00e4ufer darf diese Daten nicht an Dritte weitergeben, es sei denn, er ist gesetzlich oder per Gerichtsbeschluss dazu verpflichtet.<br \/>\n2.8. Der Verk\u00e4ufer ist berechtigt, Daten, die sich nicht direkt auf den K\u00e4ufer beziehen, f\u00fcr statistische Zwecke zu verwenden, d. h. Daten \u00fcber gekaufte Waren. Solche statistischen Daten k\u00f6nnen so erhoben und verarbeitet werden, dass die Offenlegung der pers\u00f6nlichen Identit\u00e4t des K\u00e4ufers oder anderer personenbezogener Daten verhindert wird.<\/p>\n<p><strong>III. Cookies<\/strong><\/p>\n<p>3.1. Der Online-Shop www.kubilupasaulis.lt verwendet Cookies.<br \/>\n3.2. Beim ersten Besuch des Online-Shops www.kubilupasaulis.lt werden Cookies auf den Computer oder das Ger\u00e4t des K\u00e4ufers \u00fcbertragen, von dem aus der Online-Shop genutzt wird. Diese dienen sp\u00e4ter zur Identifizierung des K\u00e4ufers. Dies ist eine g\u00e4ngige Methode beim Surfen im Internet, die dem K\u00e4ufer das Surfen auf einer bereits besuchten Webseite und den Zugriff auf ver\u00f6ffentlichte Informationen erleichtert. Die meisten Webbrowser akzeptieren Cookies. Wenn der K\u00e4ufer jedoch keine Cookies erhalten m\u00f6chte, kann er die Einstellungen seines Browsers so \u00e4ndern, dass Cookies nicht akzeptiert werden. In diesem Fall weisen wir Sie darauf hin, dass einige Funktionen des Online-Shops www.kubilupasaulis.lt m\u00f6glicherweise nicht funktionieren.<br \/>\n3.3. Der Verk\u00e4ufer weist darauf hin, dass durch die Verwendung von Cookies automatisch Daten zum Website-Verkehr erfasst werden: Informationen dar\u00fcber, wie viele Besucher die Website besucht haben, wie der Serverbereich (die Domain) des Internetdienstanbieters der Besucher lautet, welche Informationen h\u00e4ufiger aufgerufen werden usw. Dies hilft dem Verk\u00e4ufer, das Nutzungsverhalten der Besucher zu verstehen und bietet die M\u00f6glichkeit, die angebotenen Dienste zu verbessern und die Verf\u00fcgbarkeit von Informationen zu vereinfachen.<\/p>\n<p><strong>IV. Schlussbestimmungen<\/strong><\/p>\n<p>4.1. Der Verk\u00e4ufer ist berechtigt, die Datenschutzrichtlinie jederzeit nach eigenem Ermessen anzupassen oder zu \u00e4ndern. Nach Anpassung oder \u00c4nderung der Datenschutzrichtlinie durch den Verk\u00e4ufer tritt die neue oder korrigierte Version der Datenschutzrichtlinie mit ihrer Ver\u00f6ffentlichung auf www.kubilupasaulis.lt in Kraft. Der K\u00e4ufer ist verpflichtet, vor jedem Einkauf im Online-Shop www.kubilupasaulis.lt zu pr\u00fcfen, ob eine neue oder korrigierte Version der Datenschutzrichtlinie ver\u00f6ffentlicht wurde, und sich mit dieser vertraut zu machen. Bei jedem Kauf von Waren im Online-Shop www.kubilupasaulis.lt wird davon ausgegangen, dass der K\u00e4ufer die neueste Version der Datenschutzrichtlinie zur Kenntnis genommen hat und sich verpflichtet, gem\u00e4\u00df der neuesten Version der Datenschutzrichtlinie einzukaufen. Erg\u00e4nzungen oder \u00c4nderungen der Datenschutzrichtlinie treten mit dem Datum ihrer Ver\u00f6ffentlichung in Kraft.<\/p>\n","protected":false},"excerpt":{"rendered":"<p>I. Begriffe 1.1. Verk\u00e4ufer ist die UAB \u201eKubil\u0173 pasaulis\u201c, Rechtsform: 304423513, Umsatzsteuer-Identifikationsnummer: LT100010536010, Gesch\u00e4ftssitz: Pramon\u0117s 7a, Bezirk Virgainiai, Bezirk Raseiniai,<\/p>\n","protected":false},"author":5,"featured_media":0,"parent":0,"menu_order":0,"comment_status":"closed","ping_status":"open","template":"","meta":{"footnotes":""},"class_list":["post-1807","page","type-page","status-publish","hentry"],"_links":{"self":[{"href":"https:\/\/hottubline.eu\/de\/wp-json\/wp\/v2\/pages\/1807","targetHints":{"allow":["GET"]}}],"collection":[{"href":"https:\/\/hottubline.eu\/de\/wp-json\/wp\/v2\/pages"}],"about":[{"href":"https:\/\/hottubline.eu\/de\/wp-json\/wp\/v2\/types\/page"}],"author":[{"embeddable":true,"href":"https:\/\/hottubline.eu\/de\/wp-json\/wp\/v2\/users\/5"}],"replies":[{"embeddable":true,"href":"https:\/\/hottubline.eu\/de\/wp-json\/wp\/v2\/comments?post=1807"}],"version-history":[{"count":3,"href":"https:\/\/hottubline.eu\/de\/wp-json\/wp\/v2\/pages\/1807\/revisions"}],"predecessor-version":[{"id":1810,"href":"https:\/\/hottubline.eu\/de\/wp-json\/wp\/v2\/pages\/1807\/revisions\/1810"}],"wp:attachment":[{"href":"https:\/\/hottubline.eu\/de\/wp-json\/wp\/v2\/media?parent=1807"}],"curies":[{"name":"wp","href":"https:\/\/api.w.org\/{rel}","templated":true}]}}